{"id":75333,"date":"2019-02-06T23:05:52","date_gmt":"2019-02-06T20:05:52","guid":{"rendered":"http:\/\/assistmedics.com\/demo\/?page_id=75333"},"modified":"2020-08-14T14:00:00","modified_gmt":"2020-08-14T11:00:00","slug":"iletisim","status":"publish","type":"page","link":"https:\/\/istmedicine.com\/ar\/iletisim\/","title":{"rendered":"\u0627\u062a\u0635\u0644"},"content":{"rendered":"<p>[vc_row][vc_column][vc_row_inner][vc_column_inner width=&#8221;1\/4&#8243; css=&#8221;.vc_custom_1553446493288{padding-top: 25px !important;}&#8221;][vc_column_text]<img class=\"aligncenter\" style=\"width: 75px;\" src=\"http:\/\/istmedicine.com\/wp-content\/uploads\/2019\/03\/assist-medics-contact-tel.svg\" \/>[\/vc_column_text][vc_column_text css=&#8221;.vc_custom_1560881440427{padding-top: 10px !important;}&#8221;]<\/p>\n<p style=\"text-align: center;\"><span style=\"text-align: center; font-size: 18px;\"><a href=\"tel:+905423671064\">+90 542 367 10 64<\/a><\/span><\/p>\n<p>[\/vc_column_text][\/vc_column_inner][vc_column_inner width=&#8221;1\/4&#8243; css=&#8221;.vc_custom_1553446498306{padding-top: 25px !important;}&#8221;][vc_column_text]<img class=\"aligncenter\" style=\"width: 75px;\" src=\"http:\/\/istmedicine.com\/wp-content\/uploads\/2019\/03\/assist-medics-contact-email.svg\" \/>[\/vc_column_text][vc_column_text css=&#8221;.vc_custom_1560796799960{padding-top: 10px !important;}&#8221;]<\/p>\n<p style=\"text-align: center;\"><span style=\"text-align: center; font-size: 18px;\"><a href=\"mailto:info@istmedicine.com\">info@istmedicine.com<\/a><\/span><\/p>\n<p>[\/vc_column_text][\/vc_column_inner][vc_column_inner width=&#8221;1\/4&#8243; css=&#8221;.vc_custom_1553446502162{padding-top: 25px !important;}&#8221;][vc_column_text]<img class=\"aligncenter\" style=\"width: 75px;\" src=\"http:\/\/istmedicine.com\/wp-content\/uploads\/2019\/03\/assist-medics-contact-map.svg\" \/>[\/vc_column_text][vc_column_text css=&#8221;.vc_custom_1597402794837{padding-top: 10px !important;}&#8221;]<\/p>\n<p style=\"text-align: center;\"><span style=\"text-align: center; font-size: 18px; color: #111111;\">Do\u011fu Mahallesi, Ayd\u0131nl\u0131yolu Caddesi, Pendik K\u00f6\u015fk Siteleri, C Blok, No:104 34890 Pendik &#8211; \u0130stanbul &#8211; T\u00dcRK\u0130YE<\/span><\/p>\n<p>[\/vc_column_text][\/vc_column_inner][vc_column_inner width=&#8221;1\/4&#8243; css=&#8221;.vc_custom_1553446507091{padding-top: 25px !important;}&#8221;][vc_column_text]<a href=\"https:\/\/api.whatsapp.com\/send?phone=905423671064\"><img class=\"aligncenter\" style=\"width: 75px;\" src=\"http:\/\/istmedicine.com\/wp-content\/uploads\/2019\/03\/assist-medics-contact-whatsapp.svg\" \/><\/a>[\/vc_column_text][vc_column_text css=&#8221;.vc_custom_1560881472383{padding-top: 10px !important;}&#8221;]<\/p>\n<p style=\"text-align: center;\"><span style=\"text-align: center; font-size: 18px;\"><a href=\"https:\/\/api.whatsapp.com\/send?phone=905423671064\" target=\"blank\" rel=\"noopener noreferrer\">T\u0131kla Yaz!<\/a><\/span><\/p>\n<p>[\/vc_column_text][\/vc_column_inner][\/vc_row_inner][\/vc_column][\/vc_row][vc_row css=&#8221;.vc_custom_1553446749013{padding-top: 50px !important;}&#8221;][vc_column]<div role=\"form\" class=\"wpcf7\" id=\"wpcf7-f75801-o5\" lang=\"tr-TR\" dir=\"ltr\">\n<div class=\"screen-reader-response\"><\/div>\n<form action=\"\/ar\/wp-json\/wp\/v2\/pages\/75333#wpcf7-f75801-o5\" method=\"post\" class=\"wpcf7-form\" novalidate=\"novalidate\">\n<div style=\"display: none;\">\n<input type=\"hidden\" name=\"_wpcf7\" value=\"75801\" \/>\n<input type=\"hidden\" name=\"_wpcf7_version\" value=\"5.1.4\" \/>\n<input type=\"hidden\" name=\"_wpcf7_locale\" value=\"tr_TR\" \/>\n<input type=\"hidden\" name=\"_wpcf7_unit_tag\" value=\"wpcf7-f75801-o5\" \/>\n<input type=\"hidden\" name=\"_wpcf7_container_post\" value=\"0\" \/>\n<\/div>\n<div class=\"row\">\n<div class=\"col-md-4\">\n    <span class=\"wpcf7-form-control-wrap ad-soyad\"><input type=\"text\" name=\"ad-soyad\" value=\"\" size=\"40\" class=\"wpcf7-form-control wpcf7-text wpcf7-validates-as-required\" aria-required=\"true\" aria-invalid=\"false\" placeholder=\"Ad Soyad\" \/><\/span>\n  <\/div>\n<div class=\"col-md-4\">\n    <span class=\"wpcf7-form-control-wrap e-posta\"><input type=\"email\" name=\"e-posta\" value=\"\" size=\"40\" class=\"wpcf7-form-control wpcf7-text wpcf7-email wpcf7-validates-as-required wpcf7-validates-as-email\" aria-required=\"true\" aria-invalid=\"false\" placeholder=\"E-Posta\" \/><\/span>\n  <\/div>\n<div class=\"col-md-4\">\n    <span class=\"wpcf7-form-control-wrap telefon\"><input type=\"text\" name=\"telefon\" value=\"\" size=\"40\" class=\"wpcf7-form-control wpcf7-text wpcf7-validates-as-required\" aria-required=\"true\" aria-invalid=\"false\" placeholder=\"Telefon\" \/><\/span>\n  <\/div>\n<div class=\"col-md-12\">\n    <span class=\"wpcf7-form-control-wrap konu\"><input type=\"text\" name=\"konu\" value=\"\" size=\"40\" class=\"wpcf7-form-control wpcf7-text\" aria-invalid=\"false\" placeholder=\"Konu\" \/><\/span>\n  <\/div>\n<div class=\"col-md-12\">\n    <span class=\"wpcf7-form-control-wrap mesaj\"><textarea name=\"mesaj\" cols=\"40\" rows=\"10\" class=\"wpcf7-form-control wpcf7-textarea\" aria-invalid=\"false\" placeholder=\"Mesaj\u0131n\u0131z\"><\/textarea><\/span>\n  <\/div>\n<div class=\"col-md-12\">\n    <input type=\"submit\" value=\"G\u00d6NDER\" class=\"wpcf7-form-control wpcf7-submit\" \/>\n  <\/div>\n<\/div>\n<div class=\"wpcf7-response-output wpcf7-display-none\"><\/div><\/form><\/div>[\/vc_column][\/vc_row]<\/p>","protected":false},"excerpt":{"rendered":"<p>[vc_row][vc_column][vc_row_inner][vc_column_inner width=&#8221;1\/4&#8243; css=&#8221;.vc_custom_1553446493288{padding-top: 25px !important;}&#8221;][vc_column_text][\/vc_column_text][vc_column_text css=&#8221;.vc_custom_1560881440427{padding-top: 10px !important;}&#8221;] +90 542 367 10 64 [\/vc_column_text][\/vc_column_inner][vc_column_inner width=&#8221;1\/4&#8243; css=&#8221;.vc_custom_1553446498306{padding-top: 25px !important;}&#8221;][vc_column_text][\/vc_column_text][vc_column_text css=&#8221;.vc_custom_1560796799960{padding-top: 10px !important;}&#8221;] info@istmedicine.com [\/vc_column_text][\/vc_column_inner][vc_column_inner width=&#8221;1\/4&#8243; css=&#8221;.vc_custom_1553446502162{padding-top: 25px !important;}&#8221;][vc_column_text][\/vc_column_text][vc_column_text css=&#8221;.vc_custom_1597402794837{padding-top: 10px !important;}&#8221;] Do\u011fu Mahallesi, Ayd\u0131nl\u0131yolu Caddesi, Pendik K\u00f6\u015fk Siteleri, C Blok, No:104 34890 Pendik &#8211; \u0130stanbul &#8211; T\u00dcRK\u0130YE [\/vc_column_text][\/vc_column_inner][vc_column_inner width=&#8221;1\/4&#8243; css=&#8221;.vc_custom_1553446507091{padding-top: 25px !important;}&#8221;][vc_column_text][\/vc_column_text][vc_column_text css=&#8221;.vc_custom_1560881472383{padding-top: 10px !important;}&#8221;] T\u0131kla [&hellip;]<\/p>\n","protected":false},"author":1,"featured_media":0,"parent":0,"menu_order":0,"comment_status":"closed","ping_status":"closed","template":"","meta":[],"_links":{"self":[{"href":"https:\/\/istmedicine.com\/ar\/wp-json\/wp\/v2\/pages\/75333"}],"collection":[{"href":"https:\/\/istmedicine.com\/ar\/wp-json\/wp\/v2\/pages"}],"about":[{"href":"https:\/\/istmedicine.com\/ar\/wp-json\/wp\/v2\/types\/page"}],"author":[{"embeddable":true,"href":"https:\/\/istmedicine.com\/ar\/wp-json\/wp\/v2\/users\/1"}],"replies":[{"embeddable":true,"href":"https:\/\/istmedicine.com\/ar\/wp-json\/wp\/v2\/comments?post=75333"}],"version-history":[{"count":39,"href":"https:\/\/istmedicine.com\/ar\/wp-json\/wp\/v2\/pages\/75333\/revisions"}],"predecessor-version":[{"id":76076,"href":"https:\/\/istmedicine.com\/ar\/wp-json\/wp\/v2\/pages\/75333\/revisions\/76076"}],"wp:attachment":[{"href":"https:\/\/istmedicine.com\/ar\/wp-json\/wp\/v2\/media?parent=75333"}],"curies":[{"name":"wp","href":"https:\/\/api.w.org\/{rel}","templated":true}]}}