{"id":75606,"date":"2019-03-24T00:14:37","date_gmt":"2019-03-23T21:14:37","guid":{"rendered":"http:\/\/assistmedics.com\/demo\/?page_id=75606"},"modified":"2019-06-19T22:57:24","modified_gmt":"2019-06-19T19:57:24","slug":"sac-ekimi","status":"publish","type":"page","link":"https:\/\/istmedicine.com\/ar\/sac-ekimi\/","title":{"rendered":"SA\u00c7 EK\u0130M\u0130"},"content":{"rendered":"<p>[vc_row][vc_column][vc_row_inner][vc_column_inner][vc_single_image image=&#8221;75930&#8243; img_size=&#8221;full&#8221; alignment=&#8221;center&#8221;][vc_column_text css=&#8221;.vc_custom_1553443165477{padding-top: 15px !important;}&#8221;]<\/p>\n<h2><strong>SA\u00c7 EK\u0130M\u0130<\/strong><\/h2>\n<p>[\/vc_column_text][vc_column_text css=&#8221;.vc_custom_1554758567613{padding-top: 15px !important;}&#8221;]G\u00fcn\u00fcm\u00fczde en ge\u00e7erli y\u00f6ntem olarak kullan\u0131lan ve klini\u011fimizde de uygulanan sa\u00e7 ekim y\u00f6ntemi <strong>FUE<\/strong> y\u00f6ntemidir. Fue tekni\u011fi micro motor u\u00e7lar\u0131 ile ki\u015finin don\u00f6r alandaki (ense) sa\u00e7 folik\u00fcllerinin tek tek al\u0131narak tepe b\u00f6lgesinde d\u00f6k\u00fclm\u00fc\u015f alanlara transfer i\u015flemidir. Sa\u00e7 Ekiminde en y\u00fcz g\u00fcld\u00fcr\u00fcc\u00fc operasyonlardan biridir. Genel sa\u011fl\u0131k problemi olmayan al\u0131c\u0131 ve verici alanlar\u0131n sa\u011fl\u0131kl\u0131 oldu\u011fu durumlarda ba\u015far\u0131 oran\u0131 %90 &#8211; %100 d\u00fcr.<\/p>\n<p>Sa\u00e7 ekimi ki\u015filerde sa\u00e7lar\u0131n d\u00f6k\u00fcld\u00fc\u011f\u00fc b\u00f6lgelere, sa\u00e7 k\u00f6klerinin genetik olarak dayan\u0131kl\u0131 oldu\u011fu b\u00f6lgelerden yap\u0131lan sa\u00e7 k\u00f6k\u00fc transferi y\u00f6ntemlerine verilen genel add\u0131r. Birbirinden farkl\u0131 2 y\u00f6ntem ile uygulanan sa\u00e7 ekiminde b\u00fcy\u00fck ba\u015far\u0131 sa\u011flanmaktad\u0131r. Ki\u015filer sa\u00e7 ekiminin ard\u0131ndan \u00e7ok uzunca bir s\u00fcre sa\u00e7s\u0131z b\u00f6lgelerinde tekrardan sa\u00e7 sahibi olurlar. <strong>Sa\u00e7\u00a0ekimi<\/strong>, sa\u00e7 mezoterapisi gibi y\u00f6ntemlerle birle\u015ftirildi\u011finde ise ki\u015filerde ekilen sa\u00e7\u0131n \u00f6mr\u00fc uzar. D\u00f6k\u00fclen sa\u00e7 derisi b\u00f6lgesinin hem eski sa\u011fl\u0131kl\u0131 bile\u015fenlerine kavu\u015fturulmas\u0131 hem de b\u00f6lgenin g\u00fc\u00e7l\u00fc sa\u00e7 k\u00f6kleriyle donat\u0131lmas\u0131 pek \u00e7ok ki\u015fide kal\u0131c\u0131 bir \u00e7\u00f6z\u00fcme d\u00f6n\u00fc\u015fmektedir.[\/vc_column_text][\/vc_column_inner][\/vc_row_inner][\/vc_column][\/vc_row]<\/p>\n","protected":false},"excerpt":{"rendered":"<p>[vc_row][vc_column][vc_row_inner][vc_column_inner][vc_single_image image=&#8221;75930&#8243; img_size=&#8221;full&#8221; alignment=&#8221;center&#8221;][vc_column_text css=&#8221;.vc_custom_1553443165477{padding-top: 15px !important;}&#8221;] SA\u00c7 EK\u0130M\u0130 [\/vc_column_text][vc_column_text css=&#8221;.vc_custom_1554758567613{padding-top: 15px !important;}&#8221;]G\u00fcn\u00fcm\u00fczde en ge\u00e7erli y\u00f6ntem olarak kullan\u0131lan ve klini\u011fimizde de uygulanan sa\u00e7 ekim y\u00f6ntemi FUE y\u00f6ntemidir. Fue tekni\u011fi micro motor u\u00e7lar\u0131 ile ki\u015finin don\u00f6r alandaki (ense) sa\u00e7 folik\u00fcllerinin tek tek al\u0131narak tepe b\u00f6lgesinde d\u00f6k\u00fclm\u00fc\u015f alanlara transfer i\u015flemidir. Sa\u00e7 Ekiminde en y\u00fcz g\u00fcld\u00fcr\u00fcc\u00fc operasyonlardan biridir. [&hellip;]<\/p>\n","protected":false},"author":1,"featured_media":0,"parent":0,"menu_order":0,"comment_status":"closed","ping_status":"closed","template":"","meta":[],"_links":{"self":[{"href":"https:\/\/istmedicine.com\/ar\/wp-json\/wp\/v2\/pages\/75606"}],"collection":[{"href":"https:\/\/istmedicine.com\/ar\/wp-json\/wp\/v2\/pages"}],"about":[{"href":"https:\/\/istmedicine.com\/ar\/wp-json\/wp\/v2\/types\/page"}],"author":[{"embeddable":true,"href":"https:\/\/istmedicine.com\/ar\/wp-json\/wp\/v2\/users\/1"}],"replies":[{"embeddable":true,"href":"https:\/\/istmedicine.com\/ar\/wp-json\/wp\/v2\/comments?post=75606"}],"version-history":[{"count":6,"href":"https:\/\/istmedicine.com\/ar\/wp-json\/wp\/v2\/pages\/75606\/revisions"}],"predecessor-version":[{"id":75931,"href":"https:\/\/istmedicine.com\/ar\/wp-json\/wp\/v2\/pages\/75606\/revisions\/75931"}],"wp:attachment":[{"href":"https:\/\/istmedicine.com\/ar\/wp-json\/wp\/v2\/media?parent=75606"}],"curies":[{"name":"wp","href":"https:\/\/api.w.org\/{rel}","templated":true}]}}