{"id":75618,"date":"2019-03-24T00:20:47","date_gmt":"2019-03-23T21:20:47","guid":{"rendered":"http:\/\/assistmedics.com\/demo\/?page_id=75618"},"modified":"2019-06-19T22:24:02","modified_gmt":"2019-06-19T19:24:02","slug":"dental-implantoloji","status":"publish","type":"page","link":"https:\/\/istmedicine.com\/ar\/agiz-ve-dis-sagligi\/dental-implantoloji\/","title":{"rendered":"DENTAL \u0130MPLANTOLOJ\u0130"},"content":{"rendered":"<p>[vc_row][vc_column][vc_row_inner][vc_column_inner][vc_single_image image=&#8221;75898&#8243; img_size=&#8221;full&#8221; alignment=&#8221;center&#8221;][vc_column_text css=&#8221;.vc_custom_1553440677648{padding-top: 15px !important;}&#8221;]<\/p>\n<h2><strong>DENTAL \u0130MPLANTOLOJ\u0130<\/strong><\/h2>\n<p>[\/vc_column_text][vc_column_text css=&#8221;.vc_custom_1554753623894{padding-top: 15px !important;}&#8221;]A\u011f\u0131zdaki di\u015f eksikliklerinde, \u00e7ene kemiklerine uygulanan ve protezlere destek veren unsurlara denir. Implantlar titanyumdan yap\u0131lan materyallerdir. Bir hasta i\u00e7in implant\u0131n uygun olup olmad\u0131\u011f\u0131n\u0131 anlamak i\u00e7in, hastan\u0131n genel anemnezi (te\u015fhis koymak amac\u0131yla sorgulanan hasta \u00f6yk\u00fcs\u00fc), a\u011f\u0131z i\u00e7i muayenesi ve radyografik tetkiki de\u011ferlendirilmedir.[\/vc_column_text][\/vc_column_inner][\/vc_row_inner][\/vc_column][\/vc_row]<\/p>\n","protected":false},"excerpt":{"rendered":"<p>[vc_row][vc_column][vc_row_inner][vc_column_inner][vc_single_image image=&#8221;75898&#8243; img_size=&#8221;full&#8221; alignment=&#8221;center&#8221;][vc_column_text css=&#8221;.vc_custom_1553440677648{padding-top: 15px !important;}&#8221;] DENTAL \u0130MPLANTOLOJ\u0130 [\/vc_column_text][vc_column_text css=&#8221;.vc_custom_1554753623894{padding-top: 15px !important;}&#8221;]A\u011f\u0131zdaki di\u015f eksikliklerinde, \u00e7ene kemiklerine uygulanan ve protezlere destek veren unsurlara denir. Implantlar titanyumdan yap\u0131lan materyallerdir. Bir hasta i\u00e7in implant\u0131n uygun olup olmad\u0131\u011f\u0131n\u0131 anlamak i\u00e7in, hastan\u0131n genel anemnezi (te\u015fhis koymak amac\u0131yla sorgulanan hasta \u00f6yk\u00fcs\u00fc), a\u011f\u0131z i\u00e7i muayenesi ve radyografik tetkiki de\u011ferlendirilmedir.[\/vc_column_text][\/vc_column_inner][\/vc_row_inner][\/vc_column][\/vc_row]<\/p>\n","protected":false},"author":1,"featured_media":0,"parent":75614,"menu_order":0,"comment_status":"closed","ping_status":"closed","template":"","meta":[],"_links":{"self":[{"href":"https:\/\/istmedicine.com\/ar\/wp-json\/wp\/v2\/pages\/75618"}],"collection":[{"href":"https:\/\/istmedicine.com\/ar\/wp-json\/wp\/v2\/pages"}],"about":[{"href":"https:\/\/istmedicine.com\/ar\/wp-json\/wp\/v2\/types\/page"}],"author":[{"embeddable":true,"href":"https:\/\/istmedicine.com\/ar\/wp-json\/wp\/v2\/users\/1"}],"replies":[{"embeddable":true,"href":"https:\/\/istmedicine.com\/ar\/wp-json\/wp\/v2\/comments?post=75618"}],"version-history":[{"count":5,"href":"https:\/\/istmedicine.com\/ar\/wp-json\/wp\/v2\/pages\/75618\/revisions"}],"predecessor-version":[{"id":75899,"href":"https:\/\/istmedicine.com\/ar\/wp-json\/wp\/v2\/pages\/75618\/revisions\/75899"}],"up":[{"embeddable":true,"href":"https:\/\/istmedicine.com\/ar\/wp-json\/wp\/v2\/pages\/75614"}],"wp:attachment":[{"href":"https:\/\/istmedicine.com\/ar\/wp-json\/wp\/v2\/media?parent=75618"}],"curies":[{"name":"wp","href":"https:\/\/api.w.org\/{rel}","templated":true}]}}