{"id":75620,"date":"2019-03-24T00:23:51","date_gmt":"2019-03-23T21:23:51","guid":{"rendered":"http:\/\/assistmedics.com\/demo\/?page_id=75620"},"modified":"2019-10-12T15:13:06","modified_gmt":"2019-10-12T12:13:06","slug":"agiz-ve-cene-cerrahisi","status":"publish","type":"page","link":"https:\/\/istmedicine.com\/ar\/agiz-ve-dis-sagligi\/agiz-ve-cene-cerrahisi\/","title":{"rendered":"\u062c\u0631\u0627\u062d\u0629 \u0627\u0644\u0641\u0645 \u0648\u0627\u0644\u0648\u062c\u0647 \u0648\u0627\u0644\u0641\u0643\u064a\u0646"},"content":{"rendered":"<p>[vc_row][vc_column][vc_row_inner][vc_column_inner][vc_single_image image=&#8221;75896&#8243; img_size=&#8221;full&#8221; alignment=&#8221;center&#8221;][vc_column_text css=&#8221;.vc_custom_1553440635208{padding-top: 15px !important;}&#8221;]<\/p>\n<h2><strong>A\u011eIZ VE \u00c7ENE CERRAH\u0130S\u0130<\/strong><\/h2>\n<p>[\/vc_column_text][vc_column_text css=&#8221;.vc_custom_1554225286173{padding-top: 15px !important;}&#8221;]\u00c7i\u011fneme sisteminin bir par\u00e7as\u0131 olan \u00e7ene eklemi, alt \u00e7ene hareketiyle alakal\u0131d\u0131r ve kulaklar\u0131n hemen \u00f6n k\u0131sm\u0131nda yer almaktad\u0131r. \u00c7ene eklemini meydana getiren alt ve \u00fcst \u00e7ene kemi\u011fi, aras\u0131nda k\u0131k\u0131rdak yap\u0131 bulunmaktad\u0131r. Bu yap\u0131 alt \u00e7ene \u00e7\u0131k\u0131nt\u0131s\u0131na tutunmakta olup, \u00e7ene eklemi rahats\u0131zl\u0131klar\u0131 gibi durumlarda \u00e7ene eklemi ve \u00e7i\u011fneme kaslar\u0131 uzman cerrahlar\u0131m\u0131z taraf\u0131ndan tedavisi yap\u0131lmaktad\u0131r.[\/vc_column_text][\/vc_column_inner][\/vc_row_inner][\/vc_column][\/vc_row]<\/p>\n","protected":false},"excerpt":{"rendered":"<p>[vc_row][vc_column][vc_row_inner][vc_column_inner][vc_single_image image=&#8221;75896&#8243; img_size=&#8221;full&#8221; alignment=&#8221;center&#8221;][vc_column_text css=&#8221;.vc_custom_1553440635208{padding-top: 15px !important;}&#8221;] A\u011eIZ VE \u00c7ENE CERRAH\u0130S\u0130 [\/vc_column_text][vc_column_text css=&#8221;.vc_custom_1554225286173{padding-top: 15px !important;}&#8221;]\u00c7i\u011fneme sisteminin bir par\u00e7as\u0131 olan \u00e7ene eklemi, alt \u00e7ene hareketiyle alakal\u0131d\u0131r ve kulaklar\u0131n hemen \u00f6n k\u0131sm\u0131nda yer almaktad\u0131r. \u00c7ene eklemini meydana getiren alt ve \u00fcst \u00e7ene kemi\u011fi, aras\u0131nda k\u0131k\u0131rdak yap\u0131 bulunmaktad\u0131r. Bu yap\u0131 alt \u00e7ene \u00e7\u0131k\u0131nt\u0131s\u0131na tutunmakta olup, \u00e7ene eklemi rahats\u0131zl\u0131klar\u0131 [&hellip;]<\/p>\n","protected":false},"author":1,"featured_media":0,"parent":75614,"menu_order":0,"comment_status":"closed","ping_status":"closed","template":"","meta":[],"_links":{"self":[{"href":"https:\/\/istmedicine.com\/ar\/wp-json\/wp\/v2\/pages\/75620"}],"collection":[{"href":"https:\/\/istmedicine.com\/ar\/wp-json\/wp\/v2\/pages"}],"about":[{"href":"https:\/\/istmedicine.com\/ar\/wp-json\/wp\/v2\/types\/page"}],"author":[{"embeddable":true,"href":"https:\/\/istmedicine.com\/ar\/wp-json\/wp\/v2\/users\/1"}],"replies":[{"embeddable":true,"href":"https:\/\/istmedicine.com\/ar\/wp-json\/wp\/v2\/comments?post=75620"}],"version-history":[{"count":6,"href":"https:\/\/istmedicine.com\/ar\/wp-json\/wp\/v2\/pages\/75620\/revisions"}],"predecessor-version":[{"id":76068,"href":"https:\/\/istmedicine.com\/ar\/wp-json\/wp\/v2\/pages\/75620\/revisions\/76068"}],"up":[{"embeddable":true,"href":"https:\/\/istmedicine.com\/ar\/wp-json\/wp\/v2\/pages\/75614"}],"wp:attachment":[{"href":"https:\/\/istmedicine.com\/ar\/wp-json\/wp\/v2\/media?parent=75620"}],"curies":[{"name":"wp","href":"https:\/\/api.w.org\/{rel}","templated":true}]}}