{"id":75622,"date":"2019-03-24T00:25:37","date_gmt":"2019-03-23T21:25:37","guid":{"rendered":"http:\/\/assistmedics.com\/demo\/?page_id=75622"},"modified":"2019-06-19T22:35:13","modified_gmt":"2019-06-19T19:35:13","slug":"genel-anestezi-ile-dis-tedavisi","status":"publish","type":"page","link":"https:\/\/istmedicine.com\/ar\/agiz-ve-dis-sagligi\/genel-anestezi-ile-dis-tedavisi\/","title":{"rendered":"GENEL ANESTEZ\u0130 \u0130LE D\u0130\u015e TEDAV\u0130S\u0130"},"content":{"rendered":"<p>[vc_row][vc_column][vc_row_inner][vc_column_inner][vc_single_image image=&#8221;75906&#8243; img_size=&#8221;full&#8221; alignment=&#8221;center&#8221;][vc_column_text css=&#8221;.vc_custom_1553441018502{padding-top: 15px !important;}&#8221;]<\/p>\n<h2><strong>GENEL ANESTEZ\u0130 \u0130LE D\u0130\u015e TEDAV\u0130S\u0130<\/strong><\/h2>\n<p>[\/vc_column_text][vc_column_text css=&#8221;.vc_custom_1554754937042{padding-top: 15px !important;}&#8221;]Hastan\u0131n bilinci a\u00e7\u0131kt\u0131r fakat hafif uyku halindedir. Hasta komutlara uyar. Koldan a\u00e7\u0131lan damar yolundan k\u00fc\u00e7\u00fck dozlarda uygulanarak yap\u0131l\u0131r. Bu y\u00f6ntem genelde yeti\u015fkin hastalarda di\u015f hekimi korkusu olanlarda, bulant\u0131- \u00f6\u011f\u00fcrme refleksi fazla olanlarda ve genel anestezinin riskli olabilece\u011fi hastalarda tercih edilir. Ayr\u0131ca \u00e7ocuklarda k\u0131sa i\u015flemlerde uygulan\u0131r. Sedasyon i\u015flemi ilac\u0131n verilmesi sonras\u0131 toparlanma h\u0131zl\u0131d\u0131r. Hasta i\u015flem sonras\u0131 bir \u015fey hat\u0131rlamaz.[\/vc_column_text][\/vc_column_inner][\/vc_row_inner][\/vc_column][\/vc_row]<\/p>\n","protected":false},"excerpt":{"rendered":"<p>[vc_row][vc_column][vc_row_inner][vc_column_inner][vc_single_image image=&#8221;75906&#8243; img_size=&#8221;full&#8221; alignment=&#8221;center&#8221;][vc_column_text css=&#8221;.vc_custom_1553441018502{padding-top: 15px !important;}&#8221;] GENEL ANESTEZ\u0130 \u0130LE D\u0130\u015e TEDAV\u0130S\u0130 [\/vc_column_text][vc_column_text css=&#8221;.vc_custom_1554754937042{padding-top: 15px !important;}&#8221;]Hastan\u0131n bilinci a\u00e7\u0131kt\u0131r fakat hafif uyku halindedir. Hasta komutlara uyar. Koldan a\u00e7\u0131lan damar yolundan k\u00fc\u00e7\u00fck dozlarda uygulanarak yap\u0131l\u0131r. Bu y\u00f6ntem genelde yeti\u015fkin hastalarda di\u015f hekimi korkusu olanlarda, bulant\u0131- \u00f6\u011f\u00fcrme refleksi fazla olanlarda ve genel anestezinin riskli olabilece\u011fi hastalarda tercih edilir. [&hellip;]<\/p>\n","protected":false},"author":1,"featured_media":0,"parent":75614,"menu_order":0,"comment_status":"closed","ping_status":"closed","template":"","meta":[],"_links":{"self":[{"href":"https:\/\/istmedicine.com\/ar\/wp-json\/wp\/v2\/pages\/75622"}],"collection":[{"href":"https:\/\/istmedicine.com\/ar\/wp-json\/wp\/v2\/pages"}],"about":[{"href":"https:\/\/istmedicine.com\/ar\/wp-json\/wp\/v2\/types\/page"}],"author":[{"embeddable":true,"href":"https:\/\/istmedicine.com\/ar\/wp-json\/wp\/v2\/users\/1"}],"replies":[{"embeddable":true,"href":"https:\/\/istmedicine.com\/ar\/wp-json\/wp\/v2\/comments?post=75622"}],"version-history":[{"count":5,"href":"https:\/\/istmedicine.com\/ar\/wp-json\/wp\/v2\/pages\/75622\/revisions"}],"predecessor-version":[{"id":75907,"href":"https:\/\/istmedicine.com\/ar\/wp-json\/wp\/v2\/pages\/75622\/revisions\/75907"}],"up":[{"embeddable":true,"href":"https:\/\/istmedicine.com\/ar\/wp-json\/wp\/v2\/pages\/75614"}],"wp:attachment":[{"href":"https:\/\/istmedicine.com\/ar\/wp-json\/wp\/v2\/media?parent=75622"}],"curies":[{"name":"wp","href":"https:\/\/api.w.org\/{rel}","templated":true}]}}