{"id":75647,"date":"2019-03-24T00:39:31","date_gmt":"2019-03-23T21:39:31","guid":{"rendered":"http:\/\/assistmedics.com\/demo\/?page_id=75647"},"modified":"2019-06-19T22:50:09","modified_gmt":"2019-06-19T19:50:09","slug":"liposuction","status":"publish","type":"page","link":"https:\/\/istmedicine.com\/ar\/estetik-islemler\/liposuction\/","title":{"rendered":"LIPOSUCTION"},"content":{"rendered":"<p>[vc_row][vc_column][vc_row_inner][vc_column_inner][vc_single_image image=&#8221;75924&#8243; img_size=&#8221;full&#8221; alignment=&#8221;center&#8221;][vc_column_text css=&#8221;.vc_custom_1553442012457{padding-top: 15px !important;}&#8221;]<\/p>\n<h2><strong>LIPOSUCTION<\/strong><\/h2>\n<p>[\/vc_column_text][vc_column_text css=&#8221;.vc_custom_1554757462184{padding-top: 15px !important;}&#8221;]Liposuction (vakumla ya\u011f alma = Liposak\u015f\u0131n) b\u00f6lgesel olarak birikmi\u015f fazla ya\u011flar\u0131n vakum ile al\u0131nmas\u0131 ameliyat\u0131d\u0131r. V\u00fccudun ya\u011f olan herhangi bir alan\u0131nda ya\u011f fazlal\u0131\u011f\u0131n\u0131 azaltmada gidermede kullan\u0131lmaktad\u0131r. B\u00f6lgesel olarak incelmede m\u00fckemmel bir y\u00f6ntem, belkide bilinen en iyi uygulamad\u0131r fakat etkili bir kilo verme y\u00f6ntemi de\u011fildir. Zaten ya\u011f alma ameliyat\u0131 kilo verme amac\u0131yla kullan\u0131lmamal\u0131d\u0131r. E\u011fer liposak\u015f\u0131n\u00a0d\u00fc\u015f\u00fcn\u00fcyorsa ki\u015finin atmas\u0131 gereken ilk ad\u0131m gerekli ara\u015ft\u0131rmalar\u0131 yapt\u0131ktan sonra bir estetik plastik cerraha dan\u0131\u015fmakt\u0131r. Hasta, arzulanan elde edilecek sonucun kusursuzluk de\u011fil d\u00fczeltme oldu\u011funu ak\u0131lda tutarak liposuction sonras\u0131 iyi g\u00f6r\u00fcnme, iyi hissetme ve sonu\u00e7lar\u0131 konusundaki beklentilerini a\u00e7\u0131k y\u00fcreklilikle tart\u0131\u015fmal\u0131d\u0131r.[\/vc_column_text][\/vc_column_inner][\/vc_row_inner][\/vc_column][\/vc_row]<\/p>\n","protected":false},"excerpt":{"rendered":"<p>[vc_row][vc_column][vc_row_inner][vc_column_inner][vc_single_image image=&#8221;75924&#8243; img_size=&#8221;full&#8221; alignment=&#8221;center&#8221;][vc_column_text css=&#8221;.vc_custom_1553442012457{padding-top: 15px !important;}&#8221;] LIPOSUCTION [\/vc_column_text][vc_column_text css=&#8221;.vc_custom_1554757462184{padding-top: 15px !important;}&#8221;]Liposuction (vakumla ya\u011f alma = Liposak\u015f\u0131n) b\u00f6lgesel olarak birikmi\u015f fazla ya\u011flar\u0131n vakum ile al\u0131nmas\u0131 ameliyat\u0131d\u0131r. V\u00fccudun ya\u011f olan herhangi bir alan\u0131nda ya\u011f fazlal\u0131\u011f\u0131n\u0131 azaltmada gidermede kullan\u0131lmaktad\u0131r. B\u00f6lgesel olarak incelmede m\u00fckemmel bir y\u00f6ntem, belkide bilinen en iyi uygulamad\u0131r fakat etkili bir kilo verme y\u00f6ntemi de\u011fildir. [&hellip;]<\/p>\n","protected":false},"author":1,"featured_media":0,"parent":75616,"menu_order":0,"comment_status":"closed","ping_status":"closed","template":"","meta":[],"_links":{"self":[{"href":"https:\/\/istmedicine.com\/ar\/wp-json\/wp\/v2\/pages\/75647"}],"collection":[{"href":"https:\/\/istmedicine.com\/ar\/wp-json\/wp\/v2\/pages"}],"about":[{"href":"https:\/\/istmedicine.com\/ar\/wp-json\/wp\/v2\/types\/page"}],"author":[{"embeddable":true,"href":"https:\/\/istmedicine.com\/ar\/wp-json\/wp\/v2\/users\/1"}],"replies":[{"embeddable":true,"href":"https:\/\/istmedicine.com\/ar\/wp-json\/wp\/v2\/comments?post=75647"}],"version-history":[{"count":5,"href":"https:\/\/istmedicine.com\/ar\/wp-json\/wp\/v2\/pages\/75647\/revisions"}],"predecessor-version":[{"id":75925,"href":"https:\/\/istmedicine.com\/ar\/wp-json\/wp\/v2\/pages\/75647\/revisions\/75925"}],"up":[{"embeddable":true,"href":"https:\/\/istmedicine.com\/ar\/wp-json\/wp\/v2\/pages\/75616"}],"wp:attachment":[{"href":"https:\/\/istmedicine.com\/ar\/wp-json\/wp\/v2\/media?parent=75647"}],"curies":[{"name":"wp","href":"https:\/\/api.w.org\/{rel}","templated":true}]}}