{"id":75637,"date":"2019-03-24T00:34:39","date_gmt":"2019-03-23T21:34:39","guid":{"rendered":"http:\/\/assistmedics.com\/demo\/?page_id=75637"},"modified":"2022-09-21T23:01:22","modified_gmt":"2022-09-21T20:01:22","slug":"plastik-ve-rekonstruktif-cerrahisi","status":"publish","type":"page","link":"https:\/\/istmedicine.com\/de\/estetik-islemler\/plastik-ve-rekonstruktif-cerrahisi\/","title":{"rendered":"PLAST\u0130K VE REKONSTR\u00dcKT\u0130F CERRAH\u0130S\u0130"},"content":{"rendered":"<p>[vc_row][vc_column][vc_row_inner][vc_column_inner][vc_single_image image=&#8220;75926&#8243; img_size=&#8220;full&#8220; alignment=&#8220;center&#8220;][vc_column_text css=&#8220;.vc_custom_1553442747874{padding-top: 15px !important;}&#8220;]<\/p>\n<h2><strong>PLAST\u0130K VE REKONSTR\u00dcKT\u0130F CERRAH\u0130S\u0130<\/strong><\/h2>\n<p>[\/vc_column_text][vc_column_text css=&#8220;.vc_custom_1663790463407{padding-top: 15px !important;}&#8220;]Plastik Cerrahi; Rekonstr\u00fcktif ve Estetik Cerrahiyi i\u00e7eren cerrahi bir dald\u0131r. Rekonstr\u00fcktif cerrahi \u00f6ncelikle edinsel, travmatik veya do\u011fumsal nedenlerle olu\u015fan, v\u00fccudun \u015fekil ve fonksiyon bozukluklar\u0131n\u0131n d\u00fczeltilmesiyle ilgilenir. Estetik cerrahi ise v\u00fccut imaj\u0131n\u0131 daha g\u00fczel hale getirmek i\u00e7in yap\u0131lan giri\u015fim ve operasyonlar\u0131 kapsar. Burada t\u0131bbi bir problemden \u00e7ok estetik problem vard\u0131r. Estetik cerrahide bazen t\u0131bbi problemlerde \u00e7\u00f6z\u00fcl\u00fcr. \u00d6rne\u011fin; estetik burun cerrahisinde (rinoplasti) \u015fekil ve nefes alma problemleri birlikte \u00e7\u00f6z\u00fcl\u00fcr.<\/p>\n<p>IstMedicine kliniklerinde; hastalar\u0131n do\u011fumsal ya da sonradan olu\u015fan \u015fekil ve i\u015flev bozukluklar\u0131n\u0131n yan\u0131 s\u0131ra, aynalarla bar\u0131\u015ft\u0131ran estetik cerrahi uygulamalar\u0131 ileri teknoloji ve uzman hekimlerle uygulanmaktad\u0131r.[\/vc_column_text][\/vc_column_inner][\/vc_row_inner][\/vc_column][\/vc_row]<\/p>","protected":false},"excerpt":{"rendered":"<p>[vc_row][vc_column][vc_row_inner][vc_column_inner][vc_single_image image=&#8220;75926&#8243; img_size=&#8220;full&#8220; alignment=&#8220;center&#8220;][vc_column_text css=&#8220;.vc_custom_1553442747874{padding-top: 15px !important;}&#8220;] PLAST\u0130K VE REKONSTR\u00dcKT\u0130F CERRAH\u0130S\u0130 [\/vc_column_text][vc_column_text css=&#8220;.vc_custom_1663790463407{padding-top: 15px !important;}&#8220;]Plastik Cerrahi; Rekonstr\u00fcktif ve Estetik Cerrahiyi i\u00e7eren cerrahi bir dald\u0131r. Rekonstr\u00fcktif cerrahi \u00f6ncelikle edinsel, travmatik veya do\u011fumsal nedenlerle olu\u015fan, v\u00fccudun \u015fekil ve fonksiyon bozukluklar\u0131n\u0131n d\u00fczeltilmesiyle ilgilenir. Estetik cerrahi ise v\u00fccut imaj\u0131n\u0131 daha g\u00fczel hale getirmek i\u00e7in yap\u0131lan giri\u015fim ve operasyonlar\u0131 kapsar. [&hellip;]<\/p>\n","protected":false},"author":1,"featured_media":0,"parent":75616,"menu_order":0,"comment_status":"closed","ping_status":"closed","template":"","meta":[],"_links":{"self":[{"href":"https:\/\/istmedicine.com\/de\/wp-json\/wp\/v2\/pages\/75637"}],"collection":[{"href":"https:\/\/istmedicine.com\/de\/wp-json\/wp\/v2\/pages"}],"about":[{"href":"https:\/\/istmedicine.com\/de\/wp-json\/wp\/v2\/types\/page"}],"author":[{"embeddable":true,"href":"https:\/\/istmedicine.com\/de\/wp-json\/wp\/v2\/users\/1"}],"replies":[{"embeddable":true,"href":"https:\/\/istmedicine.com\/de\/wp-json\/wp\/v2\/comments?post=75637"}],"version-history":[{"count":9,"href":"https:\/\/istmedicine.com\/de\/wp-json\/wp\/v2\/pages\/75637\/revisions"}],"predecessor-version":[{"id":76080,"href":"https:\/\/istmedicine.com\/de\/wp-json\/wp\/v2\/pages\/75637\/revisions\/76080"}],"up":[{"embeddable":true,"href":"https:\/\/istmedicine.com\/de\/wp-json\/wp\/v2\/pages\/75616"}],"wp:attachment":[{"href":"https:\/\/istmedicine.com\/de\/wp-json\/wp\/v2\/media?parent=75637"}],"curies":[{"name":"wp","href":"https:\/\/api.w.org\/{rel}","templated":true}]}}