{"id":75612,"date":"2019-03-24T00:17:13","date_gmt":"2019-03-23T21:17:13","guid":{"rendered":"http:\/\/assistmedics.com\/demo\/?page_id=75612"},"modified":"2019-06-25T23:03:24","modified_gmt":"2019-06-25T20:03:24","slug":"vucut-estetigi","status":"publish","type":"page","link":"https:\/\/istmedicine.com\/en\/vucut-estetigi\/","title":{"rendered":"V\u00dcCUT ESTET\u0130\u011e\u0130"},"content":{"rendered":"<p>[vc_row][vc_column][vc_row_inner][vc_column_inner][vc_single_image image=&#8221;75936&#8243; img_size=&#8221;full&#8221; alignment=&#8221;center&#8221;][vc_column_text css=&#8221;.vc_custom_1553443363425{padding-top: 15px !important;}&#8221;]<\/p>\n<h2><strong>V\u00dcCUT ESTET\u0130\u011e\u0130<\/strong><\/h2>\n<p>[\/vc_column_text][vc_column_text css=&#8221;.vc_custom_1554758834589{padding-top: 15px !important;}&#8221;]\u00fccudun de\u011fi\u015fik b\u00f6l\u00fcmlerinde do\u011fumsal veya zamanla olu\u015fan deformasyonlar\u0131n giderilmesi ve g\u00fczel kabul edilen \u00f6l\u00e7\u00fclere ve oranlara getirilmesi amac\u0131yla bir \u00e7ok estetik ameliyat yap\u0131lmaktad\u0131r. V\u00fccut hatlar\u0131n\u0131n d\u00fczeltilmesine y\u00f6nelik ya\u011f alma (liposuction), kar\u0131n germe, mini kar\u0131n germe, kol germe, kas\u0131k germe ve popo esteti\u011fine y\u00f6nelik uygulamalar bunlardan baz\u0131lar\u0131d\u0131r.<\/p>\n<p>V\u00fccut Esteti\u011fi\u00a0ile t\u00fcm bu i\u015flemler yap\u0131l\u0131rken, fiziksel ve psikolojik olarak uygun aday\u0131n belirlenmesi ve ki\u015finin genel sa\u011fl\u0131k durumunu riske etmeyecek ve komplikasyon ihtimalini minimumda tutacak cerrahi tekniklerin kullan\u0131lmas\u0131 \u00f6nemlidir.[\/vc_column_text][\/vc_column_inner][\/vc_row_inner][\/vc_column][\/vc_row]<\/p>\n","protected":false},"excerpt":{"rendered":"<p>[vc_row][vc_column][vc_row_inner][vc_column_inner][vc_single_image image=&#8221;75936&#8243; img_size=&#8221;full&#8221; alignment=&#8221;center&#8221;][vc_column_text css=&#8221;.vc_custom_1553443363425{padding-top: 15px !important;}&#8221;] V\u00dcCUT ESTET\u0130\u011e\u0130 [\/vc_column_text][vc_column_text css=&#8221;.vc_custom_1554758834589{padding-top: 15px !important;}&#8221;]\u00fccudun de\u011fi\u015fik b\u00f6l\u00fcmlerinde do\u011fumsal veya zamanla olu\u015fan deformasyonlar\u0131n giderilmesi ve g\u00fczel kabul edilen \u00f6l\u00e7\u00fclere ve oranlara getirilmesi amac\u0131yla bir \u00e7ok estetik ameliyat yap\u0131lmaktad\u0131r. V\u00fccut hatlar\u0131n\u0131n d\u00fczeltilmesine y\u00f6nelik ya\u011f alma (liposuction), kar\u0131n germe, mini kar\u0131n germe, kol germe, kas\u0131k germe ve popo esteti\u011fine y\u00f6nelik [&hellip;]<\/p>\n","protected":false},"author":1,"featured_media":0,"parent":0,"menu_order":0,"comment_status":"closed","ping_status":"closed","template":"","meta":[],"_links":{"self":[{"href":"https:\/\/istmedicine.com\/en\/wp-json\/wp\/v2\/pages\/75612"}],"collection":[{"href":"https:\/\/istmedicine.com\/en\/wp-json\/wp\/v2\/pages"}],"about":[{"href":"https:\/\/istmedicine.com\/en\/wp-json\/wp\/v2\/types\/page"}],"author":[{"embeddable":true,"href":"https:\/\/istmedicine.com\/en\/wp-json\/wp\/v2\/users\/1"}],"replies":[{"embeddable":true,"href":"https:\/\/istmedicine.com\/en\/wp-json\/wp\/v2\/comments?post=75612"}],"version-history":[{"count":4,"href":"https:\/\/istmedicine.com\/en\/wp-json\/wp\/v2\/pages\/75612\/revisions"}],"predecessor-version":[{"id":75937,"href":"https:\/\/istmedicine.com\/en\/wp-json\/wp\/v2\/pages\/75612\/revisions\/75937"}],"wp:attachment":[{"href":"https:\/\/istmedicine.com\/en\/wp-json\/wp\/v2\/media?parent=75612"}],"curies":[{"name":"wp","href":"https:\/\/api.w.org\/{rel}","templated":true}]}}