{"id":75643,"date":"2019-03-24T00:36:58","date_gmt":"2019-03-23T21:36:58","guid":{"rendered":"http:\/\/assistmedics.com\/demo\/?page_id=75643"},"modified":"2019-06-19T22:45:00","modified_gmt":"2019-06-19T19:45:00","slug":"jinekomasti","status":"publish","type":"page","link":"https:\/\/istmedicine.com\/en\/estetik-islemler\/jinekomasti\/","title":{"rendered":"J\u0130NEKOMAST\u0130"},"content":{"rendered":"<p>[vc_row][vc_column][vc_row_inner][vc_column_inner][vc_single_image image=&#8221;75920&#8243; img_size=&#8221;full&#8221; alignment=&#8221;center&#8221;][vc_column_text css=&#8221;.vc_custom_1553441889937{padding-top: 15px !important;}&#8221;]<\/p>\n<h2><strong>J\u0130NEKOMAST\u0130<\/strong><\/h2>\n<p>[\/vc_column_text][vc_column_text css=&#8221;.vc_custom_1554756680119{padding-top: 15px !important;}&#8221;]Jinekomasti, hormonal de\u011fi\u015fikliklere ba\u011fl\u0131 olarak, en s\u0131k ergenlik d\u00f6neminde veya daha b\u00fcy\u00fck erkeklerde g\u00f6r\u00fclmektedir.\u00a0Bu durum fizyolojik jinekomasti olarak adland\u0131r\u0131l\u0131r.\u00a0Erkek \u00e7ocuklar\u0131n %90\u2019 \u0131nda bu durum kendili\u011finden bir y\u0131l i\u00e7inde ge\u00e7er. B\u00fcy\u00fcklerde ise genellikle nedeni yoktur, idiopatik, ailesel olabilir. \u00c7o\u011fu zaman fizyolojik jinekomasti nin ge\u00e7memesi, s\u0131k kilo al\u0131p verme gibi durumlar g\u00f6z\u00fck\u00fcr.<\/p>\n<p>Altta bir hastal\u0131k yatt\u0131\u011f\u0131nda zaten hasta jinekomastiden \u00f6nce\u00a0 bu hastal\u0131klar\u0131n belirtilerini g\u00f6recektir. Dolay\u0131s\u0131yla jinekomasti bu durumlara g\u00f6re daha \u00f6nemsiz kal\u0131r.Bunlar aras\u0131nda hepatit, siroz, akci\u011fer kanseri, akci\u011fer hastal\u0131klar\u0131, baz\u0131 organlar\u0131n kanseri, tiroid bezi hastal\u0131klar\u0131, testis hastal\u0131klar\u0131, eroin veya benzeri uyu\u015fturucu kullan\u0131m\u0131, kilo almak veya kas yapmak i\u00e7in steroid kullan\u0131m\u0131, baz\u0131 ila\u00e7lar\u0131n kullan\u0131m\u0131 gibi sebepler say\u0131labilir. Ama bahsetti\u011fim gibi pratikte hi\u00e7 bir nedeni yoktur, kendili\u011finden olu\u015fmaktad\u0131r.[\/vc_column_text][\/vc_column_inner][\/vc_row_inner][\/vc_column][\/vc_row]<\/p>\n","protected":false},"excerpt":{"rendered":"<p>[vc_row][vc_column][vc_row_inner][vc_column_inner][vc_single_image image=&#8221;75920&#8243; img_size=&#8221;full&#8221; alignment=&#8221;center&#8221;][vc_column_text css=&#8221;.vc_custom_1553441889937{padding-top: 15px !important;}&#8221;] J\u0130NEKOMAST\u0130 [\/vc_column_text][vc_column_text css=&#8221;.vc_custom_1554756680119{padding-top: 15px !important;}&#8221;]Jinekomasti, hormonal de\u011fi\u015fikliklere ba\u011fl\u0131 olarak, en s\u0131k ergenlik d\u00f6neminde veya daha b\u00fcy\u00fck erkeklerde g\u00f6r\u00fclmektedir.\u00a0Bu durum fizyolojik jinekomasti olarak adland\u0131r\u0131l\u0131r.\u00a0Erkek \u00e7ocuklar\u0131n %90\u2019 \u0131nda bu durum kendili\u011finden bir y\u0131l i\u00e7inde ge\u00e7er. B\u00fcy\u00fcklerde ise genellikle nedeni yoktur, idiopatik, ailesel olabilir. \u00c7o\u011fu zaman fizyolojik jinekomasti nin ge\u00e7memesi, s\u0131k [&hellip;]<\/p>\n","protected":false},"author":1,"featured_media":0,"parent":75616,"menu_order":0,"comment_status":"closed","ping_status":"closed","template":"","meta":[],"_links":{"self":[{"href":"https:\/\/istmedicine.com\/en\/wp-json\/wp\/v2\/pages\/75643"}],"collection":[{"href":"https:\/\/istmedicine.com\/en\/wp-json\/wp\/v2\/pages"}],"about":[{"href":"https:\/\/istmedicine.com\/en\/wp-json\/wp\/v2\/types\/page"}],"author":[{"embeddable":true,"href":"https:\/\/istmedicine.com\/en\/wp-json\/wp\/v2\/users\/1"}],"replies":[{"embeddable":true,"href":"https:\/\/istmedicine.com\/en\/wp-json\/wp\/v2\/comments?post=75643"}],"version-history":[{"count":4,"href":"https:\/\/istmedicine.com\/en\/wp-json\/wp\/v2\/pages\/75643\/revisions"}],"predecessor-version":[{"id":75921,"href":"https:\/\/istmedicine.com\/en\/wp-json\/wp\/v2\/pages\/75643\/revisions\/75921"}],"up":[{"embeddable":true,"href":"https:\/\/istmedicine.com\/en\/wp-json\/wp\/v2\/pages\/75616"}],"wp:attachment":[{"href":"https:\/\/istmedicine.com\/en\/wp-json\/wp\/v2\/media?parent=75643"}],"curies":[{"name":"wp","href":"https:\/\/api.w.org\/{rel}","templated":true}]}}