{"id":75156,"date":"2019-02-04T01:15:47","date_gmt":"2019-02-03T22:15:47","guid":{"rendered":"http:\/\/assistmedics.com\/demo\/?page_id=75156"},"modified":"2019-10-12T00:09:11","modified_gmt":"2019-10-11T21:09:11","slug":"kurumsal","status":"publish","type":"page","link":"https:\/\/istmedicine.com\/fr\/kurumsal\/","title":{"rendered":"\u00c0 PROPOS DE NOUS"},"content":{"rendered":"<p>[vc_row][vc_column][vc_row_inner][vc_column_inner width=\u00a0\u00bb1\/2&Prime;][vc_single_image image=\u00a0\u00bb75943&Prime; img_size=\u00a0\u00bbfull\u00a0\u00bb alignment=\u00a0\u00bbcenter\u00a0\u00bb onclick=\u00a0\u00bblink_image\u00a0\u00bb][\/vc_column_inner][vc_column_inner width=\u00a0\u00bb1\/2&Prime; css=\u00a0\u00bb.vc_custom_1561144454517{padding-top: 60px !important;}\u00a0\u00bb][vc_column_text]<\/p>\n<p style=\"text-align: center; font-size: 22px!important;\">Kurumumuz uzman kodrolarla sa\u011fl\u0131k dan\u0131\u015fmanl\u0131k hizmeti vermektedir. Uzun y\u0131llar boyunca klinik ortakl\u0131\u011f\u0131 ve y\u00f6neticili\u011fi yapan Burhan Kobaza \u00f6nderli\u011finde, yurt d\u0131\u015f\u0131 hastalar\u0131m\u0131za istedikleri tedavi se\u00e7eneklerini sunmaktay\u0131z. Tam te\u015fekk\u00fcll\u00fc hastahane ve kliniklerimizle sa\u011fl\u0131\u011f\u0131n\u0131za kavu\u015fman\u0131z i\u00e7in hizmetinizdeyiz.<\/p>\n<p>[\/vc_column_text][\/vc_column_inner][\/vc_row_inner][\/vc_column][\/vc_row][vc_row][vc_column][vc_row_inner][vc_column_inner][\/vc_column_inner][\/vc_row_inner][\/vc_column][\/vc_row]<\/p>\n","protected":false},"excerpt":{"rendered":"<p>[vc_row][vc_column][vc_row_inner][vc_column_inner width=\u00a0\u00bb1\/2&Prime;][vc_single_image image=\u00a0\u00bb75943&Prime; img_size=\u00a0\u00bbfull\u00a0\u00bb alignment=\u00a0\u00bbcenter\u00a0\u00bb onclick=\u00a0\u00bblink_image\u00a0\u00bb][\/vc_column_inner][vc_column_inner width=\u00a0\u00bb1\/2&Prime; css=\u00a0\u00bb.vc_custom_1561144454517{padding-top: 60px !important;}\u00a0\u00bb][vc_column_text] Kurumumuz uzman kodrolarla sa\u011fl\u0131k dan\u0131\u015fmanl\u0131k hizmeti vermektedir. Uzun y\u0131llar boyunca klinik ortakl\u0131\u011f\u0131 ve y\u00f6neticili\u011fi yapan Burhan Kobaza \u00f6nderli\u011finde, yurt d\u0131\u015f\u0131 hastalar\u0131m\u0131za istedikleri tedavi se\u00e7eneklerini sunmaktay\u0131z. Tam te\u015fekk\u00fcll\u00fc hastahane ve kliniklerimizle sa\u011fl\u0131\u011f\u0131n\u0131za kavu\u015fman\u0131z i\u00e7in hizmetinizdeyiz. [\/vc_column_text][\/vc_column_inner][\/vc_row_inner][\/vc_column][\/vc_row][vc_row][vc_column][vc_row_inner][vc_column_inner][\/vc_column_inner][\/vc_row_inner][\/vc_column][\/vc_row]<\/p>\n","protected":false},"author":1,"featured_media":0,"parent":0,"menu_order":0,"comment_status":"closed","ping_status":"closed","template":"","meta":[],"_links":{"self":[{"href":"https:\/\/istmedicine.com\/fr\/wp-json\/wp\/v2\/pages\/75156"}],"collection":[{"href":"https:\/\/istmedicine.com\/fr\/wp-json\/wp\/v2\/pages"}],"about":[{"href":"https:\/\/istmedicine.com\/fr\/wp-json\/wp\/v2\/types\/page"}],"author":[{"embeddable":true,"href":"https:\/\/istmedicine.com\/fr\/wp-json\/wp\/v2\/users\/1"}],"replies":[{"embeddable":true,"href":"https:\/\/istmedicine.com\/fr\/wp-json\/wp\/v2\/comments?post=75156"}],"version-history":[{"count":13,"href":"https:\/\/istmedicine.com\/fr\/wp-json\/wp\/v2\/pages\/75156\/revisions"}],"predecessor-version":[{"id":76050,"href":"https:\/\/istmedicine.com\/fr\/wp-json\/wp\/v2\/pages\/75156\/revisions\/76050"}],"wp:attachment":[{"href":"https:\/\/istmedicine.com\/fr\/wp-json\/wp\/v2\/media?parent=75156"}],"curies":[{"name":"wp","href":"https:\/\/api.w.org\/{rel}","templated":true}]}}