{"id":75608,"date":"2019-03-24T00:15:27","date_gmt":"2019-03-23T21:15:27","guid":{"rendered":"http:\/\/assistmedics.com\/demo\/?page_id=75608"},"modified":"2019-06-19T22:58:21","modified_gmt":"2019-06-19T19:58:21","slug":"sleeve-gastrektomi-tup-mide-ameliyati","status":"publish","type":"page","link":"https:\/\/istmedicine.com\/fr\/sleeve-gastrektomi-tup-mide-ameliyati\/","title":{"rendered":"SLEEVE GASTREKTOM\u0130 (T\u00dcP M\u0130DE AMEL\u0130YATI)"},"content":{"rendered":"<p>[vc_row][vc_column][vc_row_inner][vc_column_inner][vc_single_image image=\u00a0\u00bb75932&Prime; img_size=\u00a0\u00bbfull\u00a0\u00bb alignment=\u00a0\u00bbcenter\u00a0\u00bb][vc_column_text css=\u00a0\u00bb.vc_custom_1553443231756{padding-top: 15px !important;}\u00a0\u00bb]<\/p>\n<h2><strong>SLEEVE GASTREKTOM\u0130 (T\u00dcP M\u0130DE AMEL\u0130YATI)<\/strong><\/h2>\n<p>[\/vc_column_text][vc_column_text css=\u00a0\u00bb.vc_custom_1554758652754{padding-top: 15px !important;}\u00a0\u00bb]Dikey eksende midenin yakla\u015f\u0131k olarak % 70- 80 lik b\u00f6l\u00fcm\u00fcn\u00fcn al\u0131narak mide kapasiteni k\u00fc\u00e7\u00fcltmeye y\u00f6nelik laparoskopik y\u00f6ntemle yap\u0131lan bir ameliyatt\u0131r. K\u0131s\u0131tlay\u0131c\u0131 bir ameliyat oldu\u011fundan dolay\u0131 az miktardaki g\u0131da ile yeterli doygunlu\u011fa ula\u015fmay\u0131 sa\u011flayarak ve ghrelin hormonu d\u00fczeyini d\u00fc\u015f\u00fcrmesi ile birlikte, a\u00e7l\u0131k hissinide ciddi oran da azaltarak dengeli ve tatminkar bir kilo kayb\u0131 sa\u011flamaktad\u0131r. Sindirim sisteminin anatomisini ve fizyolojisini radikal bir \u015fekilde de\u011fi\u015ftirmedi\u011fi i\u00e7in, g\u00fcn\u00fcm\u00fczde d\u00fcnya da ve \u00fclkemiz de en \u00e7ok tercih edilen obezite ameliyat\u0131 y\u00f6ntemi haline gelmi\u015ftir.[\/vc_column_text][\/vc_column_inner][\/vc_row_inner][\/vc_column][\/vc_row]<\/p>\n","protected":false},"excerpt":{"rendered":"<p>[vc_row][vc_column][vc_row_inner][vc_column_inner][vc_single_image image=\u00a0\u00bb75932&Prime; img_size=\u00a0\u00bbfull\u00a0\u00bb alignment=\u00a0\u00bbcenter\u00a0\u00bb][vc_column_text css=\u00a0\u00bb.vc_custom_1553443231756{padding-top: 15px !important;}\u00a0\u00bb] SLEEVE GASTREKTOM\u0130 (T\u00dcP M\u0130DE AMEL\u0130YATI) [\/vc_column_text][vc_column_text css=\u00a0\u00bb.vc_custom_1554758652754{padding-top: 15px !important;}\u00a0\u00bb]Dikey eksende midenin yakla\u015f\u0131k olarak % 70- 80 lik b\u00f6l\u00fcm\u00fcn\u00fcn al\u0131narak mide kapasiteni k\u00fc\u00e7\u00fcltmeye y\u00f6nelik laparoskopik y\u00f6ntemle yap\u0131lan bir ameliyatt\u0131r. K\u0131s\u0131tlay\u0131c\u0131 bir ameliyat oldu\u011fundan dolay\u0131 az miktardaki g\u0131da ile yeterli doygunlu\u011fa ula\u015fmay\u0131 sa\u011flayarak ve ghrelin hormonu d\u00fczeyini d\u00fc\u015f\u00fcrmesi ile birlikte, [&hellip;]<\/p>\n","protected":false},"author":1,"featured_media":0,"parent":0,"menu_order":0,"comment_status":"closed","ping_status":"closed","template":"","meta":[],"_links":{"self":[{"href":"https:\/\/istmedicine.com\/fr\/wp-json\/wp\/v2\/pages\/75608"}],"collection":[{"href":"https:\/\/istmedicine.com\/fr\/wp-json\/wp\/v2\/pages"}],"about":[{"href":"https:\/\/istmedicine.com\/fr\/wp-json\/wp\/v2\/types\/page"}],"author":[{"embeddable":true,"href":"https:\/\/istmedicine.com\/fr\/wp-json\/wp\/v2\/users\/1"}],"replies":[{"embeddable":true,"href":"https:\/\/istmedicine.com\/fr\/wp-json\/wp\/v2\/comments?post=75608"}],"version-history":[{"count":5,"href":"https:\/\/istmedicine.com\/fr\/wp-json\/wp\/v2\/pages\/75608\/revisions"}],"predecessor-version":[{"id":75933,"href":"https:\/\/istmedicine.com\/fr\/wp-json\/wp\/v2\/pages\/75608\/revisions\/75933"}],"wp:attachment":[{"href":"https:\/\/istmedicine.com\/fr\/wp-json\/wp\/v2\/media?parent=75608"}],"curies":[{"name":"wp","href":"https:\/\/api.w.org\/{rel}","templated":true}]}}