{"id":75610,"date":"2019-03-24T00:16:36","date_gmt":"2019-03-23T21:16:36","guid":{"rendered":"http:\/\/assistmedics.com\/demo\/?page_id=75610"},"modified":"2019-06-25T23:04:27","modified_gmt":"2019-06-25T20:04:27","slug":"tup-bebek-tedavisi","status":"publish","type":"page","link":"https:\/\/istmedicine.com\/fr\/tup-bebek-tedavisi\/","title":{"rendered":"T\u00dcP BEBEK TEDAV\u0130S\u0130"},"content":{"rendered":"<p>[vc_row][vc_column][vc_row_inner][vc_column_inner][vc_single_image image=\u00a0\u00bb75934&Prime; img_size=\u00a0\u00bbfull\u00a0\u00bb alignment=\u00a0\u00bbcenter\u00a0\u00bb][vc_column_text css=\u00a0\u00bb.vc_custom_1553443295625{padding-top: 15px !important;}\u00a0\u00bb]<\/p>\n<h2><strong>T\u00dcP BEBEK TEDAV\u0130S\u0130<\/strong><\/h2>\n<p>[\/vc_column_text][vc_column_text css=\u00a0\u00bb.vc_custom_1554758739201{padding-top: 15px !important;}\u00a0\u00bb]T\u00fcp bebek (IVF) y\u00f6ntemi, \u00e7ocuk sahibi olamayan \u00e7iftlere uygulanan ve uzun s\u00fcredir kullan\u0131lan bir yard\u0131mc\u0131 \u00fcreme tekni\u011fidir. G\u00fcn\u00fcm\u00fczde en \u00e7ok tercih edilen k\u0131s\u0131rl\u0131k tedavilerinin ba\u015f\u0131nda\u00a0\u201cT\u00fcp bebek\u201d\u00a0geliyor.<\/p>\n<p>Nedeni a\u00e7\u0131klanamayan k\u0131s\u0131rl\u0131k, enfeksiyon, t\u00fcplerde t\u0131kanma, erke\u011fin sperm kalite d\u00fc\u015f\u00fckl\u00fc\u011f\u00fc, kilo veya ileri ya\u015ftan kaynaklanabilen durumlarda\u00a0t\u00fcp bebek y\u00f6ntemi\u00a0ile \u00e7iftler bebek sahibi olabiliyor.<\/p>\n<p>T\u00fcp bebek tedavisi, kad\u0131n \u00fcreme h\u00fccreleri olan yumurtalar\u0131n ve erkek \u00fcreme h\u00fccreleri olan spermlerin toplanarak v\u00fccut d\u0131\u015f\u0131nda, laboratuvar ortam\u0131nda bir araya getirilerek d\u00f6llenmenin elde edilmesini sa\u011flayan tedavi s\u00fcrecini kapsamaktad\u0131r.[\/vc_column_text][\/vc_column_inner][\/vc_row_inner][\/vc_column][\/vc_row]<\/p>\n","protected":false},"excerpt":{"rendered":"<p>[vc_row][vc_column][vc_row_inner][vc_column_inner][vc_single_image image=\u00a0\u00bb75934&Prime; img_size=\u00a0\u00bbfull\u00a0\u00bb alignment=\u00a0\u00bbcenter\u00a0\u00bb][vc_column_text css=\u00a0\u00bb.vc_custom_1553443295625{padding-top: 15px !important;}\u00a0\u00bb] T\u00dcP BEBEK TEDAV\u0130S\u0130 [\/vc_column_text][vc_column_text css=\u00a0\u00bb.vc_custom_1554758739201{padding-top: 15px !important;}\u00a0\u00bb]T\u00fcp bebek (IVF) y\u00f6ntemi, \u00e7ocuk sahibi olamayan \u00e7iftlere uygulanan ve uzun s\u00fcredir kullan\u0131lan bir yard\u0131mc\u0131 \u00fcreme tekni\u011fidir. G\u00fcn\u00fcm\u00fczde en \u00e7ok tercih edilen k\u0131s\u0131rl\u0131k tedavilerinin ba\u015f\u0131nda\u00a0\u201cT\u00fcp bebek\u201d\u00a0geliyor. Nedeni a\u00e7\u0131klanamayan k\u0131s\u0131rl\u0131k, enfeksiyon, t\u00fcplerde t\u0131kanma, erke\u011fin sperm kalite d\u00fc\u015f\u00fckl\u00fc\u011f\u00fc, kilo veya ileri ya\u015ftan kaynaklanabilen durumlarda\u00a0t\u00fcp [&hellip;]<\/p>\n","protected":false},"author":1,"featured_media":0,"parent":0,"menu_order":0,"comment_status":"closed","ping_status":"closed","template":"","meta":[],"_links":{"self":[{"href":"https:\/\/istmedicine.com\/fr\/wp-json\/wp\/v2\/pages\/75610"}],"collection":[{"href":"https:\/\/istmedicine.com\/fr\/wp-json\/wp\/v2\/pages"}],"about":[{"href":"https:\/\/istmedicine.com\/fr\/wp-json\/wp\/v2\/types\/page"}],"author":[{"embeddable":true,"href":"https:\/\/istmedicine.com\/fr\/wp-json\/wp\/v2\/users\/1"}],"replies":[{"embeddable":true,"href":"https:\/\/istmedicine.com\/fr\/wp-json\/wp\/v2\/comments?post=75610"}],"version-history":[{"count":5,"href":"https:\/\/istmedicine.com\/fr\/wp-json\/wp\/v2\/pages\/75610\/revisions"}],"predecessor-version":[{"id":75935,"href":"https:\/\/istmedicine.com\/fr\/wp-json\/wp\/v2\/pages\/75610\/revisions\/75935"}],"wp:attachment":[{"href":"https:\/\/istmedicine.com\/fr\/wp-json\/wp\/v2\/media?parent=75610"}],"curies":[{"name":"wp","href":"https:\/\/api.w.org\/{rel}","templated":true}]}}