{"id":75624,"date":"2019-03-24T00:26:16","date_gmt":"2019-03-23T21:26:16","guid":{"rendered":"http:\/\/assistmedics.com\/demo\/?page_id=75624"},"modified":"2019-06-19T22:31:38","modified_gmt":"2019-06-19T19:31:38","slug":"dis-estetigi","status":"publish","type":"page","link":"https:\/\/istmedicine.com\/fr\/agiz-ve-dis-sagligi\/dis-estetigi\/","title":{"rendered":"D\u0130\u015e ESTET\u0130\u011e\u0130"},"content":{"rendered":"<p>[vc_row][vc_column][vc_row_inner][vc_column_inner][vc_single_image image=\u00a0\u00bb75902&Prime; img_size=\u00a0\u00bbfull\u00a0\u00bb alignment=\u00a0\u00bbcenter\u00a0\u00bb][vc_column_text css=\u00a0\u00bb.vc_custom_1553440825194{padding-top: 15px !important;}\u00a0\u00bb]<\/p>\n<h2><strong>D\u0130\u015e ESTET\u0130\u011e\u0130<\/strong><\/h2>\n<p>[\/vc_column_text][vc_column_text css=\u00a0\u00bb.vc_custom_1554754490795{padding-top: 15px !important;}\u00a0\u00bb]Di\u015f esteti\u011fi, di\u015flerin ve di\u015f etlerinin yap\u0131s\u0131n\u0131n estetik a\u00e7\u0131dan de\u011ferlendirilip, yeniden \u015fekillendirilmesidir. Y\u00fcz yap\u0131s\u0131, a\u011f\u0131z \u015fekli, di\u015flerin genel durumu, di\u015f etlerinin bak\u0131m\u0131n\u0131 kapsayan di\u015f esteti\u011fi, detayl\u0131 analizleri kapsar. Estetik di\u015f hekimleri taraf\u0131ndan yap\u0131lan di\u015f esteti\u011fi, di\u015f hekimli\u011finin yan\u0131 s\u0131ra estetik bilgisi ve deneyimi de gerektirir.[\/vc_column_text][\/vc_column_inner][\/vc_row_inner][\/vc_column][\/vc_row]<\/p>\n","protected":false},"excerpt":{"rendered":"<p>[vc_row][vc_column][vc_row_inner][vc_column_inner][vc_single_image image=\u00a0\u00bb75902&Prime; img_size=\u00a0\u00bbfull\u00a0\u00bb alignment=\u00a0\u00bbcenter\u00a0\u00bb][vc_column_text css=\u00a0\u00bb.vc_custom_1553440825194{padding-top: 15px !important;}\u00a0\u00bb] D\u0130\u015e ESTET\u0130\u011e\u0130 [\/vc_column_text][vc_column_text css=\u00a0\u00bb.vc_custom_1554754490795{padding-top: 15px !important;}\u00a0\u00bb]Di\u015f esteti\u011fi, di\u015flerin ve di\u015f etlerinin yap\u0131s\u0131n\u0131n estetik a\u00e7\u0131dan de\u011ferlendirilip, yeniden \u015fekillendirilmesidir. Y\u00fcz yap\u0131s\u0131, a\u011f\u0131z \u015fekli, di\u015flerin genel durumu, di\u015f etlerinin bak\u0131m\u0131n\u0131 kapsayan di\u015f esteti\u011fi, detayl\u0131 analizleri kapsar. Estetik di\u015f hekimleri taraf\u0131ndan yap\u0131lan di\u015f esteti\u011fi, di\u015f hekimli\u011finin yan\u0131 s\u0131ra estetik bilgisi ve deneyimi [&hellip;]<\/p>\n","protected":false},"author":1,"featured_media":0,"parent":75614,"menu_order":0,"comment_status":"closed","ping_status":"closed","template":"","meta":[],"_links":{"self":[{"href":"https:\/\/istmedicine.com\/fr\/wp-json\/wp\/v2\/pages\/75624"}],"collection":[{"href":"https:\/\/istmedicine.com\/fr\/wp-json\/wp\/v2\/pages"}],"about":[{"href":"https:\/\/istmedicine.com\/fr\/wp-json\/wp\/v2\/types\/page"}],"author":[{"embeddable":true,"href":"https:\/\/istmedicine.com\/fr\/wp-json\/wp\/v2\/users\/1"}],"replies":[{"embeddable":true,"href":"https:\/\/istmedicine.com\/fr\/wp-json\/wp\/v2\/comments?post=75624"}],"version-history":[{"count":5,"href":"https:\/\/istmedicine.com\/fr\/wp-json\/wp\/v2\/pages\/75624\/revisions"}],"predecessor-version":[{"id":75903,"href":"https:\/\/istmedicine.com\/fr\/wp-json\/wp\/v2\/pages\/75624\/revisions\/75903"}],"up":[{"embeddable":true,"href":"https:\/\/istmedicine.com\/fr\/wp-json\/wp\/v2\/pages\/75614"}],"wp:attachment":[{"href":"https:\/\/istmedicine.com\/fr\/wp-json\/wp\/v2\/media?parent=75624"}],"curies":[{"name":"wp","href":"https:\/\/api.w.org\/{rel}","templated":true}]}}