{"id":75626,"date":"2019-03-24T00:27:08","date_gmt":"2019-03-23T21:27:08","guid":{"rendered":"http:\/\/assistmedics.com\/demo\/?page_id=75626"},"modified":"2019-06-19T22:41:03","modified_gmt":"2019-06-19T19:41:03","slug":"periodontoloji","status":"publish","type":"page","link":"https:\/\/istmedicine.com\/fr\/agiz-ve-dis-sagligi\/periodontoloji\/","title":{"rendered":"PER\u0130ODONTOLOJ\u0130"},"content":{"rendered":"<p>[vc_row][vc_column][vc_row_inner][vc_column_inner][vc_single_image image=\u00a0\u00bb75912&Prime; img_size=\u00a0\u00bbfull\u00a0\u00bb alignment=\u00a0\u00bbcenter\u00a0\u00bb][vc_column_text css=\u00a0\u00bb.vc_custom_1553441488813{padding-top: 15px !important;}\u00a0\u00bb]<\/p>\n<h2><strong>PER\u0130ODONTOLOJ\u0130<\/strong><\/h2>\n<p>[\/vc_column_text][vc_column_text css=\u00a0\u00bb.vc_custom_1554755292333{padding-top: 15px !important;}\u00a0\u00bb]Periodontoloji; di\u015fleri \u00e7evreleyen kemik ve di\u015feti dokular\u0131n\u0131n hastal\u0131klar\u0131 ve tedavisiyle ilgilenen di\u015f hekimli\u011fi dal\u0131d\u0131r. Periodontal hastal\u0131klar\u0131n belirtileri; Di\u015f etlerinin kanamas\u0131, k\u0131rm\u0131z\u0131 ve hassas di\u015fetleri, di\u015fetlerinde iltihab ak\u0131nt\u0131s\u0131, k\u00f6t\u00fc a\u011f\u0131z kokusu ve sallanan di\u015flerdir. Periodontal hastal\u0131klar\u0131n temel nedeni bakteri pla\u011f\u0131d\u0131r. Bunun d\u0131\u015f\u0131nda; genetik fakt\u00f6rler, sigara, ila\u00e7 kullan\u0131m\u0131, stres, hormonal de\u011fi\u015fiklikler, di\u015f s\u0131kmak veya g\u0131c\u0131rdatmak di\u015feti hastal\u0131klar\u0131na sebep olabilir. Peridontoloji (di\u015feti hastal\u0131klar\u0131 tedavisinde; hastan\u0131n a\u011f\u0131z ve di\u015f temizleme bilincinin olu\u015fturulmas\u0131, di\u015feti ceplerinin derin temizli\u011fi (k\u00fcretaj) ve k\u00fcretajlar ile birlikte \u00f6nerilen ila\u00e7lar, di\u015fta\u015f\u0131 temizli\u011fi, ilerlemi\u015f hastal\u0131klarda periodontal cerrahi i\u015flemler (di\u015feti ameliyatlar\u0131) uygulanmaktad\u0131r.[\/vc_column_text][\/vc_column_inner][\/vc_row_inner][\/vc_column][\/vc_row]<\/p>\n","protected":false},"excerpt":{"rendered":"<p>[vc_row][vc_column][vc_row_inner][vc_column_inner][vc_single_image image=\u00a0\u00bb75912&Prime; img_size=\u00a0\u00bbfull\u00a0\u00bb alignment=\u00a0\u00bbcenter\u00a0\u00bb][vc_column_text css=\u00a0\u00bb.vc_custom_1553441488813{padding-top: 15px !important;}\u00a0\u00bb] PER\u0130ODONTOLOJ\u0130 [\/vc_column_text][vc_column_text css=\u00a0\u00bb.vc_custom_1554755292333{padding-top: 15px !important;}\u00a0\u00bb]Periodontoloji; di\u015fleri \u00e7evreleyen kemik ve di\u015feti dokular\u0131n\u0131n hastal\u0131klar\u0131 ve tedavisiyle ilgilenen di\u015f hekimli\u011fi dal\u0131d\u0131r. Periodontal hastal\u0131klar\u0131n belirtileri; Di\u015f etlerinin kanamas\u0131, k\u0131rm\u0131z\u0131 ve hassas di\u015fetleri, di\u015fetlerinde iltihab ak\u0131nt\u0131s\u0131, k\u00f6t\u00fc a\u011f\u0131z kokusu ve sallanan di\u015flerdir. Periodontal hastal\u0131klar\u0131n temel nedeni bakteri pla\u011f\u0131d\u0131r. Bunun d\u0131\u015f\u0131nda; genetik fakt\u00f6rler, sigara, [&hellip;]<\/p>\n","protected":false},"author":1,"featured_media":0,"parent":75614,"menu_order":0,"comment_status":"closed","ping_status":"closed","template":"","meta":[],"_links":{"self":[{"href":"https:\/\/istmedicine.com\/fr\/wp-json\/wp\/v2\/pages\/75626"}],"collection":[{"href":"https:\/\/istmedicine.com\/fr\/wp-json\/wp\/v2\/pages"}],"about":[{"href":"https:\/\/istmedicine.com\/fr\/wp-json\/wp\/v2\/types\/page"}],"author":[{"embeddable":true,"href":"https:\/\/istmedicine.com\/fr\/wp-json\/wp\/v2\/users\/1"}],"replies":[{"embeddable":true,"href":"https:\/\/istmedicine.com\/fr\/wp-json\/wp\/v2\/comments?post=75626"}],"version-history":[{"count":5,"href":"https:\/\/istmedicine.com\/fr\/wp-json\/wp\/v2\/pages\/75626\/revisions"}],"predecessor-version":[{"id":75913,"href":"https:\/\/istmedicine.com\/fr\/wp-json\/wp\/v2\/pages\/75626\/revisions\/75913"}],"up":[{"embeddable":true,"href":"https:\/\/istmedicine.com\/fr\/wp-json\/wp\/v2\/pages\/75614"}],"wp:attachment":[{"href":"https:\/\/istmedicine.com\/fr\/wp-json\/wp\/v2\/media?parent=75626"}],"curies":[{"name":"wp","href":"https:\/\/api.w.org\/{rel}","templated":true}]}}