{"id":75632,"date":"2019-03-24T00:29:40","date_gmt":"2019-03-23T21:29:40","guid":{"rendered":"http:\/\/assistmedics.com\/demo\/?page_id=75632"},"modified":"2019-06-19T22:33:16","modified_gmt":"2019-06-19T19:33:16","slug":"endodontoloji","status":"publish","type":"page","link":"https:\/\/istmedicine.com\/fr\/agiz-ve-dis-sagligi\/endodontoloji\/","title":{"rendered":"ENDODONTOLOJ\u0130"},"content":{"rendered":"<p>[vc_row][vc_column][vc_row_inner][vc_column_inner][vc_single_image image=\u00a0\u00bb75904&Prime; img_size=\u00a0\u00bbfull\u00a0\u00bb alignment=\u00a0\u00bbcenter\u00a0\u00bb][vc_column_text css=\u00a0\u00bb.vc_custom_1553440890273{padding-top: 15px !important;}\u00a0\u00bb]<\/p>\n<h2><strong>ENDODONTOLOJ\u0130<\/strong><\/h2>\n<p>[\/vc_column_text][vc_column_text css=\u00a0\u00bb.vc_custom_1554754827808{padding-top: 15px !important;}\u00a0\u00bb]Endodontik tedavi (k\u00f6k kanal tedavisi), enfekte di\u015f pulpa dokusunun uzakla\u015ft\u0131r\u0131lmas\u0131 ve k\u00f6k kanal\u0131n\u0131n dezenfekte edilmesi esas\u0131na dayan\u0131r. Pulpa enfeksiyonunun en s\u0131k nedenleri olarak \u00e7\u00fcr\u00fck, travma, \u00e7atlak ve\/veya k\u0131r\u0131klar say\u0131labilir.<\/p>\n<p>S\u0131cak ve so\u011fu\u011fa kar\u015f\u0131 olu\u015fan a\u015f\u0131r\u0131 hassasiyet, gece uykusundan uyand\u0131ran \u015fiddetli a\u011fr\u0131lar , travma sonucu di\u015f pulpas\u0131n\u0131n a\u011f\u0131z ortam\u0131na a\u00e7\u0131lmas\u0131 endodontik tedaviyi gerektirir. Tedavinin ertelenmesi a\u011fr\u0131da art\u0131\u015fa, a\u011f\u0131z i\u00e7i ve d\u0131\u015f\u0131 \u015fi\u015fli\u011fe neden olabilir. Enfeksiyonun ilerlemesi di\u015f kayb\u0131na, hatta sepsise yol a\u00e7abilir. %85&rsquo;in \u00fczerindeki ba\u015far\u0131 oran\u0131 ile endodontik tedavi; di\u015f kayb\u0131n\u0131n dolay\u0131s\u0131yla uzun vadede kemik kayb\u0131n\u0131n \u00f6nlenmesinde, fonksiyonel ve estetik kay\u0131plar\u0131n \u00f6n\u00fcne ge\u00e7ilmesinde b\u00fcy\u00fck \u00f6nem ta\u015f\u0131maktad\u0131r.[\/vc_column_text][\/vc_column_inner][\/vc_row_inner][\/vc_column][\/vc_row]<\/p>\n","protected":false},"excerpt":{"rendered":"<p>[vc_row][vc_column][vc_row_inner][vc_column_inner][vc_single_image image=\u00a0\u00bb75904&Prime; img_size=\u00a0\u00bbfull\u00a0\u00bb alignment=\u00a0\u00bbcenter\u00a0\u00bb][vc_column_text css=\u00a0\u00bb.vc_custom_1553440890273{padding-top: 15px !important;}\u00a0\u00bb] ENDODONTOLOJ\u0130 [\/vc_column_text][vc_column_text css=\u00a0\u00bb.vc_custom_1554754827808{padding-top: 15px !important;}\u00a0\u00bb]Endodontik tedavi (k\u00f6k kanal tedavisi), enfekte di\u015f pulpa dokusunun uzakla\u015ft\u0131r\u0131lmas\u0131 ve k\u00f6k kanal\u0131n\u0131n dezenfekte edilmesi esas\u0131na dayan\u0131r. Pulpa enfeksiyonunun en s\u0131k nedenleri olarak \u00e7\u00fcr\u00fck, travma, \u00e7atlak ve\/veya k\u0131r\u0131klar say\u0131labilir. S\u0131cak ve so\u011fu\u011fa kar\u015f\u0131 olu\u015fan a\u015f\u0131r\u0131 hassasiyet, gece uykusundan uyand\u0131ran \u015fiddetli a\u011fr\u0131lar , travma sonucu [&hellip;]<\/p>\n","protected":false},"author":1,"featured_media":0,"parent":75614,"menu_order":0,"comment_status":"closed","ping_status":"closed","template":"","meta":[],"_links":{"self":[{"href":"https:\/\/istmedicine.com\/fr\/wp-json\/wp\/v2\/pages\/75632"}],"collection":[{"href":"https:\/\/istmedicine.com\/fr\/wp-json\/wp\/v2\/pages"}],"about":[{"href":"https:\/\/istmedicine.com\/fr\/wp-json\/wp\/v2\/types\/page"}],"author":[{"embeddable":true,"href":"https:\/\/istmedicine.com\/fr\/wp-json\/wp\/v2\/users\/1"}],"replies":[{"embeddable":true,"href":"https:\/\/istmedicine.com\/fr\/wp-json\/wp\/v2\/comments?post=75632"}],"version-history":[{"count":5,"href":"https:\/\/istmedicine.com\/fr\/wp-json\/wp\/v2\/pages\/75632\/revisions"}],"predecessor-version":[{"id":75905,"href":"https:\/\/istmedicine.com\/fr\/wp-json\/wp\/v2\/pages\/75632\/revisions\/75905"}],"up":[{"embeddable":true,"href":"https:\/\/istmedicine.com\/fr\/wp-json\/wp\/v2\/pages\/75614"}],"wp:attachment":[{"href":"https:\/\/istmedicine.com\/fr\/wp-json\/wp\/v2\/media?parent=75632"}],"curies":[{"name":"wp","href":"https:\/\/api.w.org\/{rel}","templated":true}]}}