{"id":75634,"date":"2019-03-24T00:30:24","date_gmt":"2019-03-23T21:30:24","guid":{"rendered":"http:\/\/assistmedics.com\/demo\/?page_id=75634"},"modified":"2019-06-19T22:30:18","modified_gmt":"2019-06-19T19:30:18","slug":"dental-tomografi","status":"publish","type":"page","link":"https:\/\/istmedicine.com\/fr\/agiz-ve-dis-sagligi\/dental-tomografi\/","title":{"rendered":"DENTAL TOMOGRAF\u0130"},"content":{"rendered":"<p>[vc_row][vc_column][vc_row_inner][vc_column_inner][vc_single_image image=\u00a0\u00bb75900&Prime; img_size=\u00a0\u00bbfull\u00a0\u00bb alignment=\u00a0\u00bbcenter\u00a0\u00bb][vc_column_text css=\u00a0\u00bb.vc_custom_1553440797388{padding-top: 15px !important;}\u00a0\u00bb]<\/p>\n<h2><strong>DENTAL TOMOGRAF\u0130<\/strong><\/h2>\n<p>[\/vc_column_text][vc_column_text css=\u00a0\u00bb.vc_custom_1554754109083{padding-top: 15px !important;}\u00a0\u00bb]Di\u015f tomografisi di\u011fer bir ad\u0131yla dental tomografi ad\u0131 verilen y\u00f6ntem x \u0131\u015f\u0131nlar\u0131 kullan\u0131larak b\u00f6lge \u00fczerinde detayl\u0131ca incelenmek istenen alan\u0131n kesitsel \u015fekilde incelenmesini m\u00fcmk\u00fcn k\u0131lacak radyolojik bir g\u00f6r\u00fcnt\u00fcleme y\u00f6ntemidir.<\/p>\n<p>Implant uygulamas\u0131n\u0131n olmazsa olmaz\u0131d\u0131r. (Implant koyulacak alan\u0131 do\u011fru tespit etmek o alandaki kemi\u011fin boyut ve kal\u0131nl\u0131\u011f\u0131n\u0131n yeterli olup olmad\u0131\u011f\u0131n\u0131 g\u00f6rmek a\u00e7\u0131s\u0131ndan ve uygulaman\u0131n hatas\u0131z olmas\u0131 i\u00e7in \u00f6nem ta\u015f\u0131makta ve gerekmektedir.)<\/p>\n<p>Bu y\u00f6ntem \u00e7ene cerrah\u0131m\u0131z taraf\u0131ndan \u00e7ene kemi\u011fine g\u00f6m\u00fclm\u00fc\u015f olan ya da yerinden oynam\u0131\u015f di\u015flerin g\u00f6r\u00fcnt\u00fclenmesi, \u00e7ene \u00fczerinde kal\u0131c\u0131 de\u011fi\u015fikliklerin ger\u00e7ekle\u015ftirilece\u011fi durumlar, damak yar\u0131\u011f\u0131 durumlar\u0131nda, \u00e7ene kistlerinde, b\u00f6lge \u00fczerine al\u0131nan ciddi travma durumlar\u0131nda, herhangi di\u015f, \u00e7ene operasyonu \u00f6ncesinde uygulanacak tedavinin hatas\u0131z olmas\u0131 i\u00e7in gerekmektedir.[\/vc_column_text][\/vc_column_inner][\/vc_row_inner][\/vc_column][\/vc_row]<\/p>\n","protected":false},"excerpt":{"rendered":"<p>[vc_row][vc_column][vc_row_inner][vc_column_inner][vc_single_image image=\u00a0\u00bb75900&Prime; img_size=\u00a0\u00bbfull\u00a0\u00bb alignment=\u00a0\u00bbcenter\u00a0\u00bb][vc_column_text css=\u00a0\u00bb.vc_custom_1553440797388{padding-top: 15px !important;}\u00a0\u00bb] DENTAL TOMOGRAF\u0130 [\/vc_column_text][vc_column_text css=\u00a0\u00bb.vc_custom_1554754109083{padding-top: 15px !important;}\u00a0\u00bb]Di\u015f tomografisi di\u011fer bir ad\u0131yla dental tomografi ad\u0131 verilen y\u00f6ntem x \u0131\u015f\u0131nlar\u0131 kullan\u0131larak b\u00f6lge \u00fczerinde detayl\u0131ca incelenmek istenen alan\u0131n kesitsel \u015fekilde incelenmesini m\u00fcmk\u00fcn k\u0131lacak radyolojik bir g\u00f6r\u00fcnt\u00fcleme y\u00f6ntemidir. Implant uygulamas\u0131n\u0131n olmazsa olmaz\u0131d\u0131r. (Implant koyulacak alan\u0131 do\u011fru tespit etmek o alandaki kemi\u011fin boyut ve [&hellip;]<\/p>\n","protected":false},"author":1,"featured_media":0,"parent":75614,"menu_order":0,"comment_status":"closed","ping_status":"closed","template":"","meta":[],"_links":{"self":[{"href":"https:\/\/istmedicine.com\/fr\/wp-json\/wp\/v2\/pages\/75634"}],"collection":[{"href":"https:\/\/istmedicine.com\/fr\/wp-json\/wp\/v2\/pages"}],"about":[{"href":"https:\/\/istmedicine.com\/fr\/wp-json\/wp\/v2\/types\/page"}],"author":[{"embeddable":true,"href":"https:\/\/istmedicine.com\/fr\/wp-json\/wp\/v2\/users\/1"}],"replies":[{"embeddable":true,"href":"https:\/\/istmedicine.com\/fr\/wp-json\/wp\/v2\/comments?post=75634"}],"version-history":[{"count":5,"href":"https:\/\/istmedicine.com\/fr\/wp-json\/wp\/v2\/pages\/75634\/revisions"}],"predecessor-version":[{"id":75901,"href":"https:\/\/istmedicine.com\/fr\/wp-json\/wp\/v2\/pages\/75634\/revisions\/75901"}],"up":[{"embeddable":true,"href":"https:\/\/istmedicine.com\/fr\/wp-json\/wp\/v2\/pages\/75614"}],"wp:attachment":[{"href":"https:\/\/istmedicine.com\/fr\/wp-json\/wp\/v2\/media?parent=75634"}],"curies":[{"name":"wp","href":"https:\/\/api.w.org\/{rel}","templated":true}]}}