{"id":75639,"date":"2019-03-24T00:35:36","date_gmt":"2019-03-23T21:35:36","guid":{"rendered":"http:\/\/assistmedics.com\/demo\/?page_id=75639"},"modified":"2019-06-19T22:43:22","modified_gmt":"2019-06-19T19:43:22","slug":"burun-estetigi-rinoplasti","status":"publish","type":"page","link":"https:\/\/istmedicine.com\/fr\/estetik-islemler\/burun-estetigi-rinoplasti\/","title":{"rendered":"BURUN ESTET\u0130\u011e\u0130 (R\u0130NOPLAST\u0130)"},"content":{"rendered":"<p>[vc_row][vc_column][vc_row_inner][vc_column_inner][vc_single_image image=\u00a0\u00bb75916&Prime; img_size=\u00a0\u00bbfull\u00a0\u00bb alignment=\u00a0\u00bbcenter\u00a0\u00bb][vc_column_text css=\u00a0\u00bb.vc_custom_1553441745461{padding-top: 15px !important;}\u00a0\u00bb]<\/p>\n<h2><strong>BURUN ESTET\u0130\u011e\u0130 (R\u0130NOPLAST\u0130)<\/strong><\/h2>\n<p>[\/vc_column_text][vc_column_text css=\u00a0\u00bb.vc_custom_1554755360830{padding-top: 15px !important;}\u00a0\u00bb]Estetik burun ameliyat\u0131; g\u00fcn\u00fcm\u00fczde en s\u0131k yap\u0131lan ameliyatlar\u0131n ba\u015f\u0131nda gelmektedir. \u00dclkemizin \u0131rk, genetik \u00f6zelliklerinden dolay\u0131 genelde kemerli ve geni\u015f burunlara sahip olan bir hasta portf\u00f6y\u00fcm\u00fcz bulunmaktad\u0131r. Bu y\u00fczden biz estetik cerrahlar\u0131n en fazla ilgilendi\u011fi ameliyatlar\u0131n ba\u015f\u0131nda burun esteti\u011fi ameliyat\u0131 gelmektedir.<\/p>\n<p>Burun esteti\u011fi; burnun sadece boyutlar\u0131n\u0131 k\u00fc\u00e7\u00fcltmek\u00a0ya da\u00a0b\u00fcy\u00fctmek amac\u0131yla de\u011fil, burun\u00a0u\u00e7 k\u0131sm\u0131n\u0131\u00a0yeniden \u015fekillendirmek, burun \u00fcst k\u0131sm\u0131nda bulunan\u00a0kemer(hump) uzakla\u015ft\u0131rmak, \u00fcst dudak ile burun aras\u0131ndaki\u00a0ili\u015fkiyi ve\u00a0a\u00e7\u0131lanmay\u0131 ve\/veya burun ile al\u0131n aras\u0131ndaki a\u00e7\u0131y\u0131 d\u00fczeltmek amac\u0131yla yap\u0131lmaktad\u0131r. Baz\u0131 vakalarda hastalar\u0131n burun g\u00f6r\u00fcn\u00fcm\u00fcn\u00fc d\u00fczeltmek amac\u0131yla doku, k\u0131k\u0131rdak\u00a0ilave etmek gerekebilir. Bu de\u011fi\u015fikliklerin biri veya hepsi tek ameliyatla ger\u00e7ekle\u015ftirilir. Genelde burunu bir b\u00fct\u00fcn olarak de\u011ferlendirdi\u011fimiz i\u00e7in b\u00fct\u00fcn unsurlara ufak da olsa dokunu\u015flar yapmak gerekmektedir.[\/vc_column_text][\/vc_column_inner][\/vc_row_inner][\/vc_column][\/vc_row]<\/p>\n","protected":false},"excerpt":{"rendered":"<p>[vc_row][vc_column][vc_row_inner][vc_column_inner][vc_single_image image=\u00a0\u00bb75916&Prime; img_size=\u00a0\u00bbfull\u00a0\u00bb alignment=\u00a0\u00bbcenter\u00a0\u00bb][vc_column_text css=\u00a0\u00bb.vc_custom_1553441745461{padding-top: 15px !important;}\u00a0\u00bb] BURUN ESTET\u0130\u011e\u0130 (R\u0130NOPLAST\u0130) [\/vc_column_text][vc_column_text css=\u00a0\u00bb.vc_custom_1554755360830{padding-top: 15px !important;}\u00a0\u00bb]Estetik burun ameliyat\u0131; g\u00fcn\u00fcm\u00fczde en s\u0131k yap\u0131lan ameliyatlar\u0131n ba\u015f\u0131nda gelmektedir. \u00dclkemizin \u0131rk, genetik \u00f6zelliklerinden dolay\u0131 genelde kemerli ve geni\u015f burunlara sahip olan bir hasta portf\u00f6y\u00fcm\u00fcz bulunmaktad\u0131r. Bu y\u00fczden biz estetik cerrahlar\u0131n en fazla ilgilendi\u011fi ameliyatlar\u0131n ba\u015f\u0131nda burun esteti\u011fi ameliyat\u0131 gelmektedir. Burun esteti\u011fi; [&hellip;]<\/p>\n","protected":false},"author":1,"featured_media":0,"parent":75616,"menu_order":0,"comment_status":"closed","ping_status":"closed","template":"","meta":[],"_links":{"self":[{"href":"https:\/\/istmedicine.com\/fr\/wp-json\/wp\/v2\/pages\/75639"}],"collection":[{"href":"https:\/\/istmedicine.com\/fr\/wp-json\/wp\/v2\/pages"}],"about":[{"href":"https:\/\/istmedicine.com\/fr\/wp-json\/wp\/v2\/types\/page"}],"author":[{"embeddable":true,"href":"https:\/\/istmedicine.com\/fr\/wp-json\/wp\/v2\/users\/1"}],"replies":[{"embeddable":true,"href":"https:\/\/istmedicine.com\/fr\/wp-json\/wp\/v2\/comments?post=75639"}],"version-history":[{"count":4,"href":"https:\/\/istmedicine.com\/fr\/wp-json\/wp\/v2\/pages\/75639\/revisions"}],"predecessor-version":[{"id":75917,"href":"https:\/\/istmedicine.com\/fr\/wp-json\/wp\/v2\/pages\/75639\/revisions\/75917"}],"up":[{"embeddable":true,"href":"https:\/\/istmedicine.com\/fr\/wp-json\/wp\/v2\/pages\/75616"}],"wp:attachment":[{"href":"https:\/\/istmedicine.com\/fr\/wp-json\/wp\/v2\/media?parent=75639"}],"curies":[{"name":"wp","href":"https:\/\/api.w.org\/{rel}","templated":true}]}}