{"id":75641,"date":"2019-03-24T00:36:17","date_gmt":"2019-03-23T21:36:17","guid":{"rendered":"http:\/\/assistmedics.com\/demo\/?page_id=75641"},"modified":"2019-06-19T22:44:09","modified_gmt":"2019-06-19T19:44:09","slug":"gogus-estetigi","status":"publish","type":"page","link":"https:\/\/istmedicine.com\/fr\/estetik-islemler\/gogus-estetigi\/","title":{"rendered":"G\u00d6\u011e\u00dcS ESTET\u0130\u011e\u0130"},"content":{"rendered":"<p>[vc_row][vc_column][vc_row_inner][vc_column_inner][vc_single_image image=\u00a0\u00bb75918&Prime; img_size=\u00a0\u00bbfull\u00a0\u00bb alignment=\u00a0\u00bbcenter\u00a0\u00bb][vc_column_text css=\u00a0\u00bb.vc_custom_1553441827736{padding-top: 15px !important;}\u00a0\u00bb]<\/p>\n<h2><strong>G\u00d6\u011e\u00dcS ESTET\u0130\u011e\u0130<\/strong><\/h2>\n<p>[\/vc_column_text][vc_column_text css=\u00a0\u00bb.vc_custom_1554756150051{padding-top: 15px !important;}\u00a0\u00bb]<strong>G\u00f6\u011f\u00fcs B\u00fcy\u00fctme<\/strong><\/p>\n<p>G\u00f6\u011f\u00fcsler kad\u0131nlar i\u00e7in en \u00f6nemli g\u00fczellik ve \u00f6zg\u00fcven unsurlar\u0131ndan bir tanesidir. Estetik cerrahi ameliyatlar\u0131n artmas\u0131yla birlikte \u00e7a\u011f\u0131m\u0131zda bayanlar\u0131n en \u00e7ok tercih ettikleri ve en y\u00fcz g\u00fcld\u00fcr\u00fcc\u00fc ameliyatlardan bir tanesi, silikon protez ile meme b\u00fcy\u00fctme ameliyat\u0131d\u0131r. Hamilelik, emzirme, ya\u015flanma, kilo al\u0131p verme gibi nedenlerle g\u00f6\u011f\u00fcsler k\u00fc\u00e7\u00fclebilir, bazen sarkabilir ya da geli\u015fme gerili\u011fi sonucunda yeterli boyut ve b\u00fcy\u00fckl\u00fc\u011fe ula\u015fmayabilir.<\/p>\n<p>Bu gibi durumlarda k\u00fc\u00e7\u00fck olan memeyi b\u00fcy\u00fctmeye ve dolgunla\u015ft\u0131rmaya y\u00f6nelik yap\u0131lan ameliyatlar ile daha dolgun, daha iri, daha k\u0131vaml\u0131, estetik olarak daha g\u00fczel g\u00f6r\u00fcn\u00fcml\u00fc, projeksiyonu olan g\u00f6\u011f\u00fcsleri olu\u015fturmak m\u00fcmk\u00fcnd\u00fcr. Bu g\u00f6\u011f\u00fcs b\u00fcy\u00fctme en uygun silikon meme protezleri ile yap\u0131labilir.<\/p>\n<p>&nbsp;<\/p>\n<p><strong>G\u00f6\u011f\u00fcs K\u00fc\u00e7\u00fcltme<\/strong><\/p>\n<p>Meme k\u00fc\u00e7\u00fcltme ameliyatlar\u0131, her ne kadar estetik ameliyat olsa da estetik olmayan ama\u00e7larla, hastalar\u0131n sorunlar\u0131n\u0131 gidermek ve onlar\u0131 rahatlatmak amac\u0131yla da yap\u0131labilmektedirler. B\u00fcy\u00fck ve sarkan g\u00f6\u011f\u00fcslere sahip kad\u0131nlar, memenin a\u015f\u0131r\u0131 a\u011f\u0131rl\u0131\u011f\u0131 nedeniyle s\u0131rt, boyun, bel a\u011fr\u0131lar\u0131, s\u00fctyen ask\u0131 izleri, egzema pi\u015fik, k\u00f6t\u00fc koku, ak\u0131nt\u0131, terleme, deri tahri\u015finden solunum problemlerine kadar de\u011fi\u015fiklik g\u00f6steren t\u0131bbi sorunlara maruz kal\u0131rlar. En sonunda hastalar bir miktar kamburla\u015f\u0131r vede sonunda post\u00fcr bozuklu\u011fu meydana gelir.<\/p>\n<p>S\u00fctyen ask\u0131lar\u0131 omuzlarda derin izlere vede yaralara yol a\u00e7abilir. \u00c7ok b\u00fcy\u00fck g\u00f6\u011f\u00fcsler, kad\u0131n\u0131n veya gen\u00e7 k\u0131z\u0131n kendini a\u015f\u0131r\u0131 utanga\u00e7 ve \u00e7ekingen hissetmesine, toplum i\u00e7inde rahat hareket edememesine yol a\u00e7abilir. B\u00fcy\u00fck ve sark\u0131k g\u00f6\u011f\u00fcslerin yol a\u00e7t\u0131\u011f\u0131 bu t\u00fcr \u015fikayetlerden\u00a0g\u00f6\u011f\u00fcs k\u00fc\u00e7\u00fcltme\u00a0ameliyatlar\u0131 ile kurtulmak m\u00fcmk\u00fcnd\u00fcr.<\/p>\n<p>&nbsp;<\/p>\n<p><strong>G\u00f6\u011f\u00fcs Dikle\u015ftirme<\/strong><\/p>\n<p>Do\u011fum, enzirme, s\u00fct verme, genetik, kilo al\u0131p verme ya da yap\u0131sal nedenlerle meydana gelen sark\u0131kl\u0131klar meme dikle\u015ftirme ameliyat\u0131 ile d\u00fczeltilebilir.<\/p>\n<p>G\u00f6\u011f\u00fcs dikle\u015ftirme ameliyat\u0131yla ayn\u0131 zamanda g\u00f6\u011f\u00fcslerdeki asimetriler, farkl\u0131l\u0131klar da d\u00fczeltilebilir. G\u00f6\u011f\u00fcs dikle\u015ftirme estetik ameliyat\u0131 s\u0131kl\u0131kla do\u011fum sonras\u0131nda s\u00fct verme sebebiyle b\u00fcy\u00fcyen g\u00f6\u011f\u00fcslerde s\u00fct vermenin kesilmesinden sonra g\u00f6\u011f\u00fcs hacminin k\u00fc\u00e7\u00fcl\u00fcp invol\u00fcsyona u\u011framas\u0131, meme dokusunun k\u00fc\u00e7\u00fclmesi, sarkma gibi estetik g\u00f6r\u00fcn\u00fcm\u00fcn bozulmas\u0131 sonucunda yap\u0131l\u0131r. Sarkma oldu\u011funda g\u00f6\u011f\u00fcslerde g\u00f6\u011f\u00fcs ba\u015f\u0131 a\u015fa\u011f\u0131 do\u011fru bakar ya da sarkar.[\/vc_column_text][\/vc_column_inner][\/vc_row_inner][\/vc_column][\/vc_row]<\/p>\n","protected":false},"excerpt":{"rendered":"<p>[vc_row][vc_column][vc_row_inner][vc_column_inner][vc_single_image image=\u00a0\u00bb75918&Prime; img_size=\u00a0\u00bbfull\u00a0\u00bb alignment=\u00a0\u00bbcenter\u00a0\u00bb][vc_column_text css=\u00a0\u00bb.vc_custom_1553441827736{padding-top: 15px !important;}\u00a0\u00bb] G\u00d6\u011e\u00dcS ESTET\u0130\u011e\u0130 [\/vc_column_text][vc_column_text css=\u00a0\u00bb.vc_custom_1554756150051{padding-top: 15px !important;}\u00a0\u00bb]G\u00f6\u011f\u00fcs B\u00fcy\u00fctme G\u00f6\u011f\u00fcsler kad\u0131nlar i\u00e7in en \u00f6nemli g\u00fczellik ve \u00f6zg\u00fcven unsurlar\u0131ndan bir tanesidir. Estetik cerrahi ameliyatlar\u0131n artmas\u0131yla birlikte \u00e7a\u011f\u0131m\u0131zda bayanlar\u0131n en \u00e7ok tercih ettikleri ve en y\u00fcz g\u00fcld\u00fcr\u00fcc\u00fc ameliyatlardan bir tanesi, silikon protez ile meme b\u00fcy\u00fctme ameliyat\u0131d\u0131r. Hamilelik, emzirme, ya\u015flanma, kilo al\u0131p verme [&hellip;]<\/p>\n","protected":false},"author":1,"featured_media":0,"parent":75616,"menu_order":0,"comment_status":"closed","ping_status":"closed","template":"","meta":[],"_links":{"self":[{"href":"https:\/\/istmedicine.com\/fr\/wp-json\/wp\/v2\/pages\/75641"}],"collection":[{"href":"https:\/\/istmedicine.com\/fr\/wp-json\/wp\/v2\/pages"}],"about":[{"href":"https:\/\/istmedicine.com\/fr\/wp-json\/wp\/v2\/types\/page"}],"author":[{"embeddable":true,"href":"https:\/\/istmedicine.com\/fr\/wp-json\/wp\/v2\/users\/1"}],"replies":[{"embeddable":true,"href":"https:\/\/istmedicine.com\/fr\/wp-json\/wp\/v2\/comments?post=75641"}],"version-history":[{"count":6,"href":"https:\/\/istmedicine.com\/fr\/wp-json\/wp\/v2\/pages\/75641\/revisions"}],"predecessor-version":[{"id":75919,"href":"https:\/\/istmedicine.com\/fr\/wp-json\/wp\/v2\/pages\/75641\/revisions\/75919"}],"up":[{"embeddable":true,"href":"https:\/\/istmedicine.com\/fr\/wp-json\/wp\/v2\/pages\/75616"}],"wp:attachment":[{"href":"https:\/\/istmedicine.com\/fr\/wp-json\/wp\/v2\/media?parent=75641"}],"curies":[{"name":"wp","href":"https:\/\/api.w.org\/{rel}","templated":true}]}}